{"id":1564,"date":"2017-03-23T15:42:46","date_gmt":"2017-03-23T14:42:46","guid":{"rendered":"http:\/\/al-tra.prmweb.biz\/servizi\/"},"modified":"2020-01-15T14:04:38","modified_gmt":"2020-01-15T13:04:38","slug":"servizi","status":"publish","type":"page","link":"https:\/\/al-tra.it\/de\/servizi\/","title":{"rendered":"Service"},"content":{"rendered":"[vc_row type=&#8220;in_container&#8220; full_screen_row_position=&#8220;middle&#8220; scene_position=&#8220;center&#8220; text_color=&#8220;dark&#8220; text_align=&#8220;left&#8220; overlay_strength=&#8220;0.3&#8243;][vc_column column_padding=&#8220;padding-3-percent&#8220; column_padding_position=&#8220;top&#8220; background_color_opacity=&#8220;1&#8243; background_hover_color_opacity=&#8220;1&#8243; column_shadow=&#8220;none&#8220; width=&#8220;1\/1&#8243; tablet_text_alignment=&#8220;default&#8220; phone_text_alignment=&#8220;default&#8220; column_border_width=&#8220;none&#8220; column_border_style=&#8220;solid&#8220;]<div class=\"nectar-social  hide-share-count items_4\"><a class='facebook-share nectar-sharing' href='#' title='Share this'> <i class='fa fa-facebook'><\/i> <span class='count'><\/span><\/a><a class='twitter-share nectar-sharing' href='#' title='Tweet this'> <i class='fa fa-twitter'><\/i> <span class='count'><\/span><\/a><a class='google-plus-share nectar-sharing-alt' href='#' title='Share this'> <i class='fa fa-google-plus'><\/i> <span class='count'><\/span><\/a><a class='linkedin-share nectar-sharing' href='#' title='Share this'> <i class='fa fa-linkedin'><\/i> <span class='count'><\/span><\/a><\/div>\n    <div class=\"col span_12 section-title text-align-center extra-padding\">\n\t\t<h2>\n<h1 style=\"text-align: center;\">Unsere Leistungen<\/h1>\n<\/h2><p> Spezielle Ausf\u00fchrungen von zertifizierter Qualit\u00e4t<\/p><\/div><div class=\"clear\"><\/div>[\/vc_column][\/vc_row][vc_row type=&#8220;full_width_content&#8220; full_screen_row_position=&#8220;middle&#8220; equal_height=&#8220;yes&#8220; scene_position=&#8220;center&#8220; text_color=&#8220;dark&#8220; text_align=&#8220;left&#8220; id=&#8220;services&#8220; overlay_strength=&#8220;0.3&#8243;][vc_column column_padding=&#8220;no-extra-padding&#8220; column_padding_position=&#8220;all&#8220; background_color_opacity=&#8220;1&#8243; background_hover_color_opacity=&#8220;1&#8243; column_shadow=&#8220;none&#8220; width=&#8220;1\/2&#8243; tablet_text_alignment=&#8220;default&#8220; phone_text_alignment=&#8220;default&#8220; column_border_width=&#8220;none&#8220; column_border_style=&#8220;solid&#8220; offset=&#8220;vc_hidden-sm vc_hidden-xs&#8220;][nectar_flip_box image_url_1=&#8220;1384&#8243; bg_color=&#8220;#0a0a0a&#8220; bg_color_overlay=&#8220;true&#8220; text_color=&#8220;light&#8220; icon_family=&#8220;iconsmind&#8220; icon_color=&#8220;Accent-Color&#8220; bg_color_2=&#8220;#ee7d00&#8243; text_color_2=&#8220;light&#8220; h_text_align=&#8220;center&#8220; v_text_align=&#8220;center&#8220; flip_direction=&#8220;vertical-to-bottom&#8220; front_content=&#8220;<\/p>\n<h3>STUDIE UND BAU DER PRESSWERKZEUGE<\/h3>\n<p>&#8220; icon_iconsmind=&#8220;iconsmind-Computer-2&#8243; min_height=&#8220;600&#8243;]\n<p id=\"tw-target-text\" class=\"tw-data-text tw-text-large tw-ta\" dir=\"ltr\" data-placeholder=\"Traduzione\"><span lang=\"de\">Mit modernster Software k\u00fcmmern wir uns um die Gestaltung der Profile und Werkzeuge, um dem Kunden ein hohes Ma\u00df an Individualisierung zu gew\u00e4hrleisten.<\/span><\/p>\n<p>&nbsp;<\/p>\n<p><a class=\"scopri\" href=\"\/de\/progettazione-delle-matrici-dei-profilati\/\">MEHR SEHEN<\/a>[\/nectar_flip_box][nectar_flip_box image_url_1=&#8220;1382&#8243; bg_color=&#8220;#0a0a0a&#8220; bg_color_overlay=&#8220;true&#8220; text_color=&#8220;light&#8220; icon_family=&#8220;iconsmind&#8220; icon_color=&#8220;Accent-Color&#8220; bg_color_2=&#8220;#ee7d00&#8243; text_color_2=&#8220;light&#8220; h_text_align=&#8220;center&#8220; v_text_align=&#8220;center&#8220; flip_direction=&#8220;vertical-to-bottom&#8220; front_content=&#8220;<\/p>\n<h3>BEARBEITUNG NACH DEM STRANGPRESSEN<\/h3>\n<p>&#8220; icon_iconsmind=&#8220;iconsmind-Double-Circle&#8220; min_height=&#8220;600&#8243;]\n<p id=\"tw-target-text\" class=\"tw-data-text tw-text-large tw-ta\" dir=\"ltr\" data-placeholder=\"Traduzione\"><span lang=\"de\">Der Kunde kann zwischen verschiedenen mechanischen\u00a0Bearbeitungen\u00a0und Oberfl\u00e4chen w\u00e4hlen, um die genauesten \u00e4sthetischen und funktionalen Eigenschaften zu erzielen.<\/span><\/p>\n<p>&nbsp;<\/p>\n<p><a class=\"scopri\" href=\"\/de\/lavorazioni-post-produzione\/\">MEHR SEHEN<\/a>[\/nectar_flip_box][\/vc_column][vc_column column_padding=&#8220;no-extra-padding&#8220; column_padding_position=&#8220;all&#8220; background_color_opacity=&#8220;1&#8243; background_hover_color_opacity=&#8220;1&#8243; column_shadow=&#8220;none&#8220; width=&#8220;1\/2&#8243; tablet_text_alignment=&#8220;default&#8220; phone_text_alignment=&#8220;default&#8220; column_border_width=&#8220;none&#8220; column_border_style=&#8220;solid&#8220; offset=&#8220;vc_hidden-sm vc_hidden-xs&#8220;][nectar_flip_box image_url_1=&#8220;1381&#8243; bg_color=&#8220;#0a0a0a&#8220; bg_color_overlay=&#8220;true&#8220; text_color=&#8220;light&#8220; icon_family=&#8220;iconsmind&#8220; icon_color=&#8220;Accent-Color&#8220; bg_color_2=&#8220;#ee7d00&#8243; text_color_2=&#8220;light&#8220; h_text_align=&#8220;center&#8220; v_text_align=&#8220;center&#8220; flip_direction=&#8220;vertical-to-bottom&#8220; front_content=&#8220;<\/p>\n<h3>STRANGPRESSEN<\/h3>\n<p>&#8220; icon_iconsmind=&#8220;iconsmind-Gear&#8220; min_height=&#8220;600&#8243;]AL-TRA ist auf die Extrusion von Standard, Spezialdesign- und Mikroprofilen aus Aluminium spezialisiert.<\/p>\n<p>&nbsp;<\/p>\n<p>&nbsp;<\/p>\n<p><a class=\"scopri\" href=\"\/de\/estrusione-di-profilati-in-alluminio\/\">MEHR SEHEN<\/a>[\/nectar_flip_box][nectar_flip_box image_url_1=&#8220;1383&#8243; bg_color=&#8220;#0a0a0a&#8220; bg_color_overlay=&#8220;true&#8220; text_color=&#8220;light&#8220; icon_family=&#8220;iconsmind&#8220; icon_color=&#8220;Accent-Color&#8220; bg_color_2=&#8220;#ee7d00&#8243; text_color_2=&#8220;light&#8220; h_text_align=&#8220;center&#8220; v_text_align=&#8220;center&#8220; flip_direction=&#8220;vertical-to-bottom&#8220; front_content=&#8220;<\/p>\n<h3>VERPACKUNG<\/h3>\n<p>&#8220; icon_iconsmind=&#8220;iconsmind-Box-Close&#8220; min_height=&#8220;600&#8243;]\n<p id=\"tw-target-text\" class=\"tw-data-text tw-text-large tw-ta\" dir=\"ltr\" data-placeholder=\"Traduzione\"><span lang=\"de\">AL-TRA erstellt auf Kundenwunsch ma\u00dfgeschneiderte Verpackungen. Ein ausgezeichnetes Produkt braucht die beste Aufmerksamkeit.<\/span><\/p>\n<p><a class=\"scopri\" href=\"\/de\/imballaggi-personalizzati\/\">MEHR SEHEN<\/a>[\/nectar_flip_box][\/vc_column][\/vc_row][vc_row type=&#8220;full_width_content&#8220; full_screen_row_position=&#8220;middle&#8220; equal_height=&#8220;yes&#8220; content_placement=&#8220;middle&#8220; scene_position=&#8220;center&#8220; text_color=&#8220;dark&#8220; text_align=&#8220;left&#8220; overlay_strength=&#8220;0.3&#8243;][vc_column centered_text=&#8220;true&#8220; column_padding=&#8220;no-extra-padding&#8220; column_padding_position=&#8220;all&#8220; background_color=&#8220;#000000&#8243; background_color_opacity=&#8220;0.6&#8243; background_hover_color_opacity=&#8220;1&#8243; background_image=&#8220;1384&#8243; font_color=&#8220;#ffffff&#8220; column_shadow=&#8220;none&#8220; width=&#8220;1\/1&#8243; tablet_text_alignment=&#8220;default&#8220; phone_text_alignment=&#8220;default&#8220; column_border_width=&#8220;none&#8220; column_border_style=&#8220;solid&#8220; offset=&#8220;vc_hidden-lg vc_hidden-md&#8220;][vc_row_inner column_margin=&#8220;default&#8220; text_align=&#8220;left&#8220;][vc_column_inner column_padding=&#8220;padding-3-percent&#8220; column_padding_position=&#8220;all&#8220; background_color_opacity=&#8220;1&#8243; width=&#8220;1\/1&#8243; column_border_width=&#8220;none&#8220; column_border_style=&#8220;solid&#8220;]<div class=\"divider-wrap\"><div style=\"height: 25px;\" class=\"divider\"><\/div><\/div>[nectar_icon icon_family=&#8220;iconsmind&#8220; icon_style=&#8220;default&#8220; icon_color=&#8220;Accent-Color&#8220; icon_padding=&#8220;20px&#8220; icon_iconsmind=&#8220;iconsmind-Computer-2&#8243;][vc_column_text]\n<h2><span style=\"color: #ffffff;\">ZEICHNUNG VON<\/span><span style=\"color: #ffffff;\">VERZEUG FUER PROFILEN<\/span><\/h2>\n[\/vc_column_text][vc_column_text css_animation=&#8220;fadeIn&#8220; css=&#8220;.vc_custom_1498048340687{margin-top: 20px !important;}&#8220; el_class=&#8220;position&#8220;]<a class=\"nectar-button large accent-color regular-button\"  href=\"\/de\/progettazione-delle-matrici-dei-profilati\/\" data-color-override=\"false\" data-hover-color-override=\"false\" data-hover-text-color-override=\"#fff\"><span>MEHR SEHEN<\/span><\/a>[\/vc_column_text]<div class=\"divider-wrap\"><div style=\"height: 25px;\" class=\"divider\"><\/div><\/div>[\/vc_column_inner][\/vc_row_inner][\/vc_column][\/vc_row][vc_row type=&#8220;in_container&#8220; full_screen_row_position=&#8220;middle&#8220; scene_position=&#8220;center&#8220; text_color=&#8220;dark&#8220; text_align=&#8220;left&#8220; overlay_strength=&#8220;0.3&#8243;][vc_column column_padding=&#8220;no-extra-padding&#8220; column_padding_position=&#8220;all&#8220; background_color_opacity=&#8220;1&#8243; background_hover_color_opacity=&#8220;1&#8243; column_shadow=&#8220;none&#8220; width=&#8220;1\/1&#8243; tablet_text_alignment=&#8220;default&#8220; phone_text_alignment=&#8220;default&#8220; column_border_width=&#8220;none&#8220; column_border_style=&#8220;solid&#8220; offset=&#8220;vc_hidden-lg vc_hidden-md&#8220;][\/vc_column][\/vc_row][vc_row type=&#8220;full_width_content&#8220; full_screen_row_position=&#8220;middle&#8220; equal_height=&#8220;yes&#8220; scene_position=&#8220;center&#8220; text_color=&#8220;dark&#8220; text_align=&#8220;left&#8220; overlay_strength=&#8220;0.3&#8243;][vc_column centered_text=&#8220;true&#8220; column_padding=&#8220;no-extra-padding&#8220; column_padding_position=&#8220;all&#8220; background_color=&#8220;#000000&#8243; background_color_opacity=&#8220;0.6&#8243; background_hover_color_opacity=&#8220;1&#8243; background_image=&#8220;1381&#8243; column_shadow=&#8220;none&#8220; width=&#8220;1\/1&#8243; tablet_text_alignment=&#8220;default&#8220; phone_text_alignment=&#8220;default&#8220; column_border_width=&#8220;none&#8220; column_border_style=&#8220;solid&#8220; offset=&#8220;vc_hidden-lg vc_hidden-md&#8220;][vc_row_inner column_margin=&#8220;default&#8220; text_align=&#8220;left&#8220;][vc_column_inner column_padding=&#8220;padding-6-percent&#8220; column_padding_position=&#8220;all&#8220; background_color_opacity=&#8220;1&#8243; width=&#8220;1\/1&#8243; column_border_width=&#8220;none&#8220; column_border_style=&#8220;solid&#8220;]<div class=\"divider-wrap\"><div style=\"height: 20px;\" class=\"divider\"><\/div><\/div>[nectar_icon icon_family=&#8220;iconsmind&#8220; icon_style=&#8220;default&#8220; icon_color=&#8220;Accent-Color&#8220; icon_padding=&#8220;20px&#8220; icon_iconsmind=&#8220;iconsmind-Gear&#8220;][vc_column_text]\n<h2 style=\"color: white; text-transform: uppercase;\">Extrusion<\/h2>\n[\/vc_column_text]<div class=\"divider-wrap\"><div style=\"height: 25px;\" class=\"divider\"><\/div><\/div>[vc_column_text css_animation=&#8220;fadeIn&#8220; css=&#8220;.vc_custom_1498048350854{margin-top: 20px !important;}&#8220; el_class=&#8220;position&#8220;]<a class=\"nectar-button large accent-color regular-button\"  href=\"\/de\/estrusione-di-profilati-in-alluminio\/\" data-color-override=\"false\" data-hover-color-override=\"false\" data-hover-text-color-override=\"#fff\"><span>MEHR SEHEN<\/span><\/a>[\/vc_column_text]<div class=\"divider-wrap\"><div style=\"height: 20px;\" class=\"divider\"><\/div><\/div>[\/vc_column_inner][\/vc_row_inner][\/vc_column][\/vc_row][vc_row type=&#8220;in_container&#8220; full_screen_row_position=&#8220;middle&#8220; scene_position=&#8220;center&#8220; text_color=&#8220;dark&#8220; text_align=&#8220;left&#8220; overlay_strength=&#8220;0.3&#8243;][vc_column column_padding=&#8220;no-extra-padding&#8220; column_padding_position=&#8220;all&#8220; background_color_opacity=&#8220;1&#8243; background_hover_color_opacity=&#8220;1&#8243; column_shadow=&#8220;none&#8220; width=&#8220;1\/1&#8243; tablet_text_alignment=&#8220;default&#8220; phone_text_alignment=&#8220;default&#8220; column_border_width=&#8220;none&#8220; column_border_style=&#8220;solid&#8220; offset=&#8220;vc_hidden-lg vc_hidden-md&#8220;][\/vc_column][\/vc_row][vc_row type=&#8220;full_width_content&#8220; full_screen_row_position=&#8220;middle&#8220; equal_height=&#8220;yes&#8220; scene_position=&#8220;center&#8220; text_color=&#8220;dark&#8220; text_align=&#8220;left&#8220; overlay_strength=&#8220;0.3&#8243;][vc_column centered_text=&#8220;true&#8220; column_padding=&#8220;no-extra-padding&#8220; column_padding_position=&#8220;bottom&#8220; background_color=&#8220;#000000&#8243; background_color_opacity=&#8220;0.6&#8243; background_hover_color_opacity=&#8220;1&#8243; background_image=&#8220;1382&#8243; column_shadow=&#8220;none&#8220; width=&#8220;1\/1&#8243; tablet_text_alignment=&#8220;default&#8220; phone_text_alignment=&#8220;default&#8220; column_border_width=&#8220;none&#8220; column_border_style=&#8220;solid&#8220; offset=&#8220;vc_hidden-lg vc_hidden-md&#8220;][vc_row_inner column_margin=&#8220;default&#8220; text_align=&#8220;left&#8220;][vc_column_inner column_padding=&#8220;padding-3-percent&#8220; column_padding_position=&#8220;all&#8220; background_color_opacity=&#8220;1&#8243; width=&#8220;1\/1&#8243; column_border_width=&#8220;none&#8220; column_border_style=&#8220;solid&#8220;]<div class=\"divider-wrap\"><div style=\"height: 25px;\" class=\"divider\"><\/div><\/div>[nectar_icon icon_family=&#8220;iconsmind&#8220; icon_style=&#8220;default&#8220; icon_color=&#8220;Accent-Color&#8220; icon_padding=&#8220;20px&#8220; icon_iconsmind=&#8220;iconsmind-Box-Close&#8220;][vc_column_text]\n<h2 style=\"color: white; text-transform: uppercase;\">VERPACKUNG<\/h2>\n[\/vc_column_text]<div class=\"divider-wrap\"><div style=\"height: 25px;\" class=\"divider\"><\/div><\/div>[vc_column_text css_animation=&#8220;fadeIn&#8220; css=&#8220;.vc_custom_1498048358535{margin-top: 20px !important;}&#8220; el_class=&#8220;position&#8220;]<a class=\"nectar-button large accent-color regular-button\"  href=\"\/de\/imballaggi-personalizzati\/\" data-color-override=\"false\" data-hover-color-override=\"false\" data-hover-text-color-override=\"#fff\"><span>MEHR SEHEN<\/span><\/a>[\/vc_column_text]<div class=\"divider-wrap\"><div style=\"height: 25px;\" class=\"divider\"><\/div><\/div>[\/vc_column_inner][\/vc_row_inner][\/vc_column][\/vc_row][vc_row type=&#8220;in_container&#8220; full_screen_row_position=&#8220;middle&#8220; scene_position=&#8220;center&#8220; text_color=&#8220;dark&#8220; text_align=&#8220;left&#8220; overlay_strength=&#8220;0.3&#8243;][vc_column column_padding=&#8220;no-extra-padding&#8220; column_padding_position=&#8220;all&#8220; background_color_opacity=&#8220;1&#8243; background_hover_color_opacity=&#8220;1&#8243; column_shadow=&#8220;none&#8220; width=&#8220;1\/1&#8243; tablet_text_alignment=&#8220;default&#8220; phone_text_alignment=&#8220;default&#8220; column_border_width=&#8220;none&#8220; column_border_style=&#8220;solid&#8220; offset=&#8220;vc_hidden-lg vc_hidden-md&#8220;][\/vc_column][\/vc_row][vc_row type=&#8220;full_width_content&#8220; full_screen_row_position=&#8220;middle&#8220; equal_height=&#8220;yes&#8220; scene_position=&#8220;center&#8220; text_color=&#8220;dark&#8220; text_align=&#8220;left&#8220; overlay_strength=&#8220;0.3&#8243;][vc_column centered_text=&#8220;true&#8220; column_padding=&#8220;no-extra-padding&#8220; column_padding_position=&#8220;all&#8220; background_color=&#8220;#000000&#8243; background_color_opacity=&#8220;0.6&#8243; background_hover_color_opacity=&#8220;1&#8243; background_image=&#8220;1383&#8243; column_shadow=&#8220;none&#8220; width=&#8220;1\/1&#8243; tablet_text_alignment=&#8220;default&#8220; phone_text_alignment=&#8220;default&#8220; column_border_width=&#8220;none&#8220; column_border_style=&#8220;solid&#8220; offset=&#8220;vc_hidden-lg vc_hidden-md&#8220;][vc_row_inner column_margin=&#8220;default&#8220; text_align=&#8220;left&#8220;][vc_column_inner column_padding=&#8220;padding-3-percent&#8220; column_padding_position=&#8220;all&#8220; background_color_opacity=&#8220;1&#8243; width=&#8220;1\/1&#8243; column_border_width=&#8220;none&#8220; column_border_style=&#8220;solid&#8220;]<div class=\"divider-wrap\"><div style=\"height: 25px;\" class=\"divider\"><\/div><\/div>[nectar_icon icon_family=&#8220;iconsmind&#8220; icon_style=&#8220;default&#8220; icon_color=&#8220;Accent-Color&#8220; icon_padding=&#8220;20px&#8220; icon_iconsmind=&#8220;iconsmind-Double-Circle&#8220;][vc_column_text]\n<h2 style=\"color: white; text-transform: uppercase;\">BEARBEITUNG NACH PRODUKTION<\/h2>\n[\/vc_column_text][vc_column_text css_animation=&#8220;fadeIn&#8220; css=&#8220;.vc_custom_1498048365312{margin-top: 20px !important;}&#8220; el_class=&#8220;position&#8220;]<a class=\"nectar-button large accent-color regular-button\"  href=\"\/de\/lavorazioni-post-produzione\/\" data-color-override=\"false\" data-hover-color-override=\"false\" data-hover-text-color-override=\"#fff\"><span>MEHR SEHEN<\/span><\/a>[\/vc_column_text]<div class=\"divider-wrap\"><div style=\"height: 25px;\" class=\"divider\"><\/div><\/div>[\/vc_column_inner][\/vc_row_inner][\/vc_column][\/vc_row]\n","protected":false},"excerpt":{"rendered":"<p>[vc_row type=&#8220;in_container&#8220; full_screen_row_position=&#8220;middle&#8220; scene_position=&#8220;center&#8220; text_color=&#8220;dark&#8220; text_align=&#8220;left&#8220; overlay_strength=&#8220;0.3&#8243;][vc_column column_padding=&#8220;padding-3-percent&#8220; column_padding_position=&#8220;top&#8220; background_color_opacity=&#8220;1&#8243; background_hover_color_opacity=&#8220;1&#8243; column_shadow=&#8220;none&#8220; width=&#8220;1\/1&#8243; tablet_text_alignment=&#8220;default&#8220; phone_text_alignment=&#8220;default&#8220; column_border_width=&#8220;none&#8220; column_border_style=&#8220;solid&#8220;][\/vc_column][\/vc_row][vc_row type=&#8220;full_width_content&#8220; full_screen_row_position=&#8220;middle&#8220; equal_height=&#8220;yes&#8220;&#8230;<\/p>\n","protected":false},"author":1,"featured_media":0,"parent":0,"menu_order":0,"comment_status":"closed","ping_status":"closed","template":"","meta":{"footnotes":""},"class_list":["post-1564","page","type-page","status-publish","hentry"],"yoast_head":"<!-- This site is optimized with the Yoast SEO plugin v21.3 - https:\/\/yoast.com\/wordpress\/plugins\/seo\/ -->\n<title>Estrusione alluminio, progettazione dei profilati - AL-TRA<\/title>\n<meta name=\"description\" content=\"Estrusione alluminio, progettazione delle matrici dei profilati, profilati complessi, speciali a disegno, microprofilati in alluminio.\" \/>\n<meta name=\"robots\" content=\"index, follow, max-snippet:-1, max-image-preview:large, max-video-preview:-1\" \/>\n<link rel=\"canonical\" href=\"https:\/\/al-tra.it\/servizi\/\" \/>\n<meta property=\"og:locale\" content=\"de_DE\" \/>\n<meta property=\"og:type\" content=\"article\" \/>\n<meta property=\"og:title\" content=\"Estrusione alluminio, progettazione dei profilati - AL-TRA\" \/>\n<meta property=\"og:description\" content=\"Estrusione alluminio, progettazione delle matrici dei profilati, profilati complessi, speciali a disegno, microprofilati in alluminio.\" \/>\n<meta property=\"og:url\" content=\"https:\/\/al-tra.it\/servizi\/\" \/>\n<meta property=\"og:site_name\" content=\"Al-tra\" \/>\n<meta property=\"article:publisher\" content=\"https:\/\/www.facebook.com\/Al-tra-1451183258278938\/\" \/>\n<meta property=\"article:modified_time\" content=\"2020-01-15T13:04:38+00:00\" \/>\n<meta name=\"twitter:card\" content=\"summary_large_image\" \/>\n<meta name=\"twitter:label1\" content=\"Gesch\u00e4tzte Lesezeit\" \/>\n\t<meta name=\"twitter:data1\" content=\"7\u00a0Minuten\" \/>\n<script type=\"application\/ld+json\" class=\"yoast-schema-graph\">{\"@context\":\"https:\/\/schema.org\",\"@graph\":[{\"@type\":\"WebPage\",\"@id\":\"https:\/\/al-tra.it\/servizi\/\",\"url\":\"https:\/\/al-tra.it\/servizi\/\",\"name\":\"Estrusione alluminio, progettazione dei profilati - AL-TRA\",\"isPartOf\":{\"@id\":\"https:\/\/al-tra.it\/#website\"},\"datePublished\":\"2017-03-23T14:42:46+00:00\",\"dateModified\":\"2020-01-15T13:04:38+00:00\",\"description\":\"Estrusione alluminio, progettazione delle matrici dei profilati, profilati complessi, speciali a disegno, microprofilati in alluminio.\",\"breadcrumb\":{\"@id\":\"https:\/\/al-tra.it\/servizi\/#breadcrumb\"},\"inLanguage\":\"de\",\"potentialAction\":[{\"@type\":\"ReadAction\",\"target\":[\"https:\/\/al-tra.it\/servizi\/\"]}]},{\"@type\":\"BreadcrumbList\",\"@id\":\"https:\/\/al-tra.it\/servizi\/#breadcrumb\",\"itemListElement\":[{\"@type\":\"ListItem\",\"position\":1,\"name\":\"Home\",\"item\":\"https:\/\/al-tra.it\/\"},{\"@type\":\"ListItem\",\"position\":2,\"name\":\"Service\"}]},{\"@type\":\"WebSite\",\"@id\":\"https:\/\/al-tra.it\/#website\",\"url\":\"https:\/\/al-tra.it\/\",\"name\":\"Al-tra\",\"description\":\"Aluminum Extrusion\",\"potentialAction\":[{\"@type\":\"SearchAction\",\"target\":{\"@type\":\"EntryPoint\",\"urlTemplate\":\"https:\/\/al-tra.it\/?s={search_term_string}\"},\"query-input\":\"required name=search_term_string\"}],\"inLanguage\":\"de\"}]}<\/script>\n<!-- \/ Yoast SEO plugin. -->","yoast_head_json":{"title":"Estrusione alluminio, progettazione dei profilati - AL-TRA","description":"Estrusione alluminio, progettazione delle matrici dei profilati, profilati complessi, speciali a disegno, microprofilati in alluminio.","robots":{"index":"index","follow":"follow","max-snippet":"max-snippet:-1","max-image-preview":"max-image-preview:large","max-video-preview":"max-video-preview:-1"},"canonical":"https:\/\/al-tra.it\/servizi\/","og_locale":"de_DE","og_type":"article","og_title":"Estrusione alluminio, progettazione dei profilati - AL-TRA","og_description":"Estrusione alluminio, progettazione delle matrici dei profilati, profilati complessi, speciali a disegno, microprofilati in alluminio.","og_url":"https:\/\/al-tra.it\/servizi\/","og_site_name":"Al-tra","article_publisher":"https:\/\/www.facebook.com\/Al-tra-1451183258278938\/","article_modified_time":"2020-01-15T13:04:38+00:00","twitter_card":"summary_large_image","twitter_misc":{"Gesch\u00e4tzte Lesezeit":"7\u00a0Minuten"},"schema":{"@context":"https:\/\/schema.org","@graph":[{"@type":"WebPage","@id":"https:\/\/al-tra.it\/servizi\/","url":"https:\/\/al-tra.it\/servizi\/","name":"Estrusione alluminio, progettazione dei profilati - AL-TRA","isPartOf":{"@id":"https:\/\/al-tra.it\/#website"},"datePublished":"2017-03-23T14:42:46+00:00","dateModified":"2020-01-15T13:04:38+00:00","description":"Estrusione alluminio, progettazione delle matrici dei profilati, profilati complessi, speciali a disegno, microprofilati in alluminio.","breadcrumb":{"@id":"https:\/\/al-tra.it\/servizi\/#breadcrumb"},"inLanguage":"de","potentialAction":[{"@type":"ReadAction","target":["https:\/\/al-tra.it\/servizi\/"]}]},{"@type":"BreadcrumbList","@id":"https:\/\/al-tra.it\/servizi\/#breadcrumb","itemListElement":[{"@type":"ListItem","position":1,"name":"Home","item":"https:\/\/al-tra.it\/"},{"@type":"ListItem","position":2,"name":"Service"}]},{"@type":"WebSite","@id":"https:\/\/al-tra.it\/#website","url":"https:\/\/al-tra.it\/","name":"Al-tra","description":"Aluminum Extrusion","potentialAction":[{"@type":"SearchAction","target":{"@type":"EntryPoint","urlTemplate":"https:\/\/al-tra.it\/?s={search_term_string}"},"query-input":"required name=search_term_string"}],"inLanguage":"de"}]}},"_links":{"self":[{"href":"https:\/\/al-tra.it\/de\/wp-json\/wp\/v2\/pages\/1564","targetHints":{"allow":["GET"]}}],"collection":[{"href":"https:\/\/al-tra.it\/de\/wp-json\/wp\/v2\/pages"}],"about":[{"href":"https:\/\/al-tra.it\/de\/wp-json\/wp\/v2\/types\/page"}],"author":[{"embeddable":true,"href":"https:\/\/al-tra.it\/de\/wp-json\/wp\/v2\/users\/1"}],"replies":[{"embeddable":true,"href":"https:\/\/al-tra.it\/de\/wp-json\/wp\/v2\/comments?post=1564"}],"version-history":[{"count":12,"href":"https:\/\/al-tra.it\/de\/wp-json\/wp\/v2\/pages\/1564\/revisions"}],"predecessor-version":[{"id":1926,"href":"https:\/\/al-tra.it\/de\/wp-json\/wp\/v2\/pages\/1564\/revisions\/1926"}],"wp:attachment":[{"href":"https:\/\/al-tra.it\/de\/wp-json\/wp\/v2\/media?parent=1564"}],"curies":[{"name":"wp","href":"https:\/\/api.w.org\/{rel}","templated":true}]}}