{"id":1568,"date":"2017-03-20T10:38:28","date_gmt":"2017-03-20T09:38:28","guid":{"rendered":"http:\/\/al-tra.prmweb.biz\/certificazioni\/"},"modified":"2020-01-15T15:02:04","modified_gmt":"2020-01-15T14:02:04","slug":"certificazioni","status":"publish","type":"page","link":"https:\/\/al-tra.it\/de\/certificazioni\/","title":{"rendered":"Zertifizierungen"},"content":{"rendered":"[vc_row type=&#8220;full_width_content&#8220; full_screen_row_position=&#8220;middle&#8220; vertically_center_columns=&#8220;true&#8220; scene_position=&#8220;center&#8220; text_color=&#8220;dark&#8220; text_align=&#8220;left&#8220; overlay_strength=&#8220;0.3&#8243;][vc_column column_padding=&#8220;padding-5-percent&#8220; column_padding_position=&#8220;all&#8220; background_color_opacity=&#8220;1&#8243; background_hover_color_opacity=&#8220;1&#8243; column_shadow=&#8220;none&#8220; width=&#8220;1\/2&#8243; tablet_text_alignment=&#8220;default&#8220; phone_text_alignment=&#8220;default&#8220; column_border_width=&#8220;none&#8220; column_border_style=&#8220;solid&#8220;]<div class=\"nectar-social  hide-share-count items_4\"><a class='facebook-share nectar-sharing' href='#' title='Share this'> <i class='fa fa-facebook'><\/i> <span class='count'><\/span><\/a><a class='twitter-share nectar-sharing' href='#' title='Tweet this'> <i class='fa fa-twitter'><\/i> <span class='count'><\/span><\/a><a class='google-plus-share nectar-sharing-alt' href='#' title='Share this'> <i class='fa fa-google-plus'><\/i> <span class='count'><\/span><\/a><a class='linkedin-share nectar-sharing' href='#' title='Share this'> <i class='fa fa-linkedin'><\/i> <span class='count'><\/span><\/a><\/div>[vc_custom_heading text=&#8220;<i>Unser Ziel ist die Kundenzufriedenheit<\/i>&#8220; font_container=&#8220;tag:h4|text_align:left|color:%23bebebe&#8220; use_theme_fonts=&#8220;yes&#8220;][vc_column_text css=&#8220;.vc_custom_1579096974921{margin-bottom: 20px !important;}&#8220;]\n<h1><span style=\"color: #ee7d00;\">Zertifizierungen<\/span><\/h1>\n<div class=\"wpb_text_column wpb_content_element \">\n<div class=\"wpb_wrapper\">\n<p>Auf Kundenwunsch sind wir in der Lage, die Profile mit speziellen mechanischen Verfahren und Oberfl\u00e4chen zu vervollst\u00e4ndigen.<\/p>\n<p>AL-TRA ist ISO 9001 zertifiziert und unterliegt einem Qualit\u00e4tskontrollsystem, das sicherstellt, dass das Produkt den vom Kunden ge\u00e4u\u00dferten Anforderungen entspricht.<\/p>\n<p>AL-TRA ist auf die Extrusion von Sonder-, Standard-, Spezial- und Mikroaluminiumprofilen spezialisiert.<\/p>\n<p>Um den hohen Standard der Aluminiumprofile zu gew\u00e4hrleisten, werden konstante und gezielte Messungen durchgef\u00fchrt, um ein Produkt mit hoher Ma\u00dfgenauigkeit zu erhalten.<\/p>\n<\/div>\n<\/div>\n[\/vc_column_text][\/vc_column][vc_column column_padding=&#8220;no-extra-padding&#8220; column_padding_position=&#8220;all&#8220; background_color=&#8220;#ffffff&#8220; background_color_opacity=&#8220;1&#8243; background_hover_color_opacity=&#8220;1&#8243; column_shadow=&#8220;none&#8220; width=&#8220;1\/2&#8243; tablet_text_alignment=&#8220;default&#8220; phone_text_alignment=&#8220;default&#8220; column_border_width=&#8220;none&#8220; column_border_style=&#8220;solid&#8220;]<div class=\"img-with-aniamtion-wrap center\" data-max-width=\"100%\"><div class=\"inner\"><img loading=\"lazy\" decoding=\"async\" data-shadow=\"none\" data-shadow-direction=\"middle\" class=\"img-with-animation \" data-delay=\"0\" height=\"600\" width=\"800\" data-animation=\"fade-in\" src=\"https:\/\/al-tra.it\/wp-content\/uploads\/2017\/03\/al_tra_certigicazione_gallery_logo-1.jpg\" srcset=\"https:\/\/al-tra.it\/wp-content\/uploads\/2017\/03\/al_tra_certigicazione_gallery_logo-1.jpg 800w, https:\/\/al-tra.it\/wp-content\/uploads\/2017\/03\/al_tra_certigicazione_gallery_logo-1-300x225.jpg 300w, https:\/\/al-tra.it\/wp-content\/uploads\/2017\/03\/al_tra_certigicazione_gallery_logo-1-768x576.jpg 768w\" alt=\"\" \/><\/div><\/div>[\/vc_column][\/vc_row]\n","protected":false},"excerpt":{"rendered":"<p>[vc_row type=&#8220;full_width_content&#8220; full_screen_row_position=&#8220;middle&#8220; vertically_center_columns=&#8220;true&#8220; scene_position=&#8220;center&#8220; text_color=&#8220;dark&#8220; text_align=&#8220;left&#8220; overlay_strength=&#8220;0.3&#8243;][vc_column column_padding=&#8220;padding-5-percent&#8220; column_padding_position=&#8220;all&#8220; background_color_opacity=&#8220;1&#8243; background_hover_color_opacity=&#8220;1&#8243; column_shadow=&#8220;none&#8220; width=&#8220;1\/2&#8243; tablet_text_alignment=&#8220;default&#8220; phone_text_alignment=&#8220;default&#8220; column_border_width=&#8220;none&#8220; column_border_style=&#8220;solid&#8220;][vc_custom_heading text=&#8220;Unser Ziel&#8230;<\/p>\n","protected":false},"author":1,"featured_media":0,"parent":0,"menu_order":0,"comment_status":"closed","ping_status":"closed","template":"","meta":{"footnotes":""},"class_list":["post-1568","page","type-page","status-publish","hentry"],"yoast_head":"<!-- This site is optimized with the Yoast SEO plugin v21.3 - https:\/\/yoast.com\/wordpress\/plugins\/seo\/ -->\n<title>Certificazioni profilati in alluminio alta precisione dimensionale- Al-Tra<\/title>\n<meta name=\"description\" content=\"AL-TRA \u00e8 in possesso delle certificazioni ISO 9001 e T\u00dcV NORD 15088 per garantire che il prodotto sia conforme ai requisiti espressi dal cliente.\" \/>\n<meta name=\"robots\" content=\"index, follow, max-snippet:-1, max-image-preview:large, max-video-preview:-1\" \/>\n<link rel=\"canonical\" href=\"https:\/\/al-tra.it\/certificazioni\/\" \/>\n<meta property=\"og:locale\" content=\"de_DE\" \/>\n<meta property=\"og:type\" content=\"article\" \/>\n<meta property=\"og:title\" content=\"Certificazioni profilati in alluminio alta precisione dimensionale- Al-Tra\" \/>\n<meta property=\"og:description\" content=\"AL-TRA \u00e8 in possesso delle certificazioni ISO 9001 e T\u00dcV NORD 15088 per garantire che il prodotto sia conforme ai requisiti espressi dal cliente.\" \/>\n<meta property=\"og:url\" content=\"https:\/\/al-tra.it\/certificazioni\/\" \/>\n<meta property=\"og:site_name\" content=\"Al-tra\" \/>\n<meta property=\"article:publisher\" content=\"https:\/\/www.facebook.com\/Al-tra-1451183258278938\/\" \/>\n<meta property=\"article:modified_time\" content=\"2020-01-15T14:02:04+00:00\" \/>\n<meta name=\"twitter:card\" content=\"summary_large_image\" \/>\n<meta name=\"twitter:label1\" content=\"Gesch\u00e4tzte Lesezeit\" \/>\n\t<meta name=\"twitter:data1\" content=\"1\u00a0Minute\" \/>\n<script type=\"application\/ld+json\" class=\"yoast-schema-graph\">{\"@context\":\"https:\/\/schema.org\",\"@graph\":[{\"@type\":\"WebPage\",\"@id\":\"https:\/\/al-tra.it\/certificazioni\/\",\"url\":\"https:\/\/al-tra.it\/certificazioni\/\",\"name\":\"Certificazioni profilati in alluminio alta precisione dimensionale- Al-Tra\",\"isPartOf\":{\"@id\":\"https:\/\/al-tra.it\/#website\"},\"datePublished\":\"2017-03-20T09:38:28+00:00\",\"dateModified\":\"2020-01-15T14:02:04+00:00\",\"description\":\"AL-TRA \u00e8 in possesso delle certificazioni ISO 9001 e T\u00dcV NORD 15088 per garantire che il prodotto sia conforme ai requisiti espressi dal cliente.\",\"breadcrumb\":{\"@id\":\"https:\/\/al-tra.it\/certificazioni\/#breadcrumb\"},\"inLanguage\":\"de\",\"potentialAction\":[{\"@type\":\"ReadAction\",\"target\":[\"https:\/\/al-tra.it\/certificazioni\/\"]}]},{\"@type\":\"BreadcrumbList\",\"@id\":\"https:\/\/al-tra.it\/certificazioni\/#breadcrumb\",\"itemListElement\":[{\"@type\":\"ListItem\",\"position\":1,\"name\":\"Home\",\"item\":\"https:\/\/al-tra.it\/\"},{\"@type\":\"ListItem\",\"position\":2,\"name\":\"Zertifizierungen\"}]},{\"@type\":\"WebSite\",\"@id\":\"https:\/\/al-tra.it\/#website\",\"url\":\"https:\/\/al-tra.it\/\",\"name\":\"Al-tra\",\"description\":\"Aluminum Extrusion\",\"potentialAction\":[{\"@type\":\"SearchAction\",\"target\":{\"@type\":\"EntryPoint\",\"urlTemplate\":\"https:\/\/al-tra.it\/?s={search_term_string}\"},\"query-input\":\"required name=search_term_string\"}],\"inLanguage\":\"de\"}]}<\/script>\n<!-- \/ Yoast SEO plugin. -->","yoast_head_json":{"title":"Certificazioni profilati in alluminio alta precisione dimensionale- Al-Tra","description":"AL-TRA \u00e8 in possesso delle certificazioni ISO 9001 e T\u00dcV NORD 15088 per garantire che il prodotto sia conforme ai requisiti espressi dal cliente.","robots":{"index":"index","follow":"follow","max-snippet":"max-snippet:-1","max-image-preview":"max-image-preview:large","max-video-preview":"max-video-preview:-1"},"canonical":"https:\/\/al-tra.it\/certificazioni\/","og_locale":"de_DE","og_type":"article","og_title":"Certificazioni profilati in alluminio alta precisione dimensionale- Al-Tra","og_description":"AL-TRA \u00e8 in possesso delle certificazioni ISO 9001 e T\u00dcV NORD 15088 per garantire che il prodotto sia conforme ai requisiti espressi dal cliente.","og_url":"https:\/\/al-tra.it\/certificazioni\/","og_site_name":"Al-tra","article_publisher":"https:\/\/www.facebook.com\/Al-tra-1451183258278938\/","article_modified_time":"2020-01-15T14:02:04+00:00","twitter_card":"summary_large_image","twitter_misc":{"Gesch\u00e4tzte Lesezeit":"1\u00a0Minute"},"schema":{"@context":"https:\/\/schema.org","@graph":[{"@type":"WebPage","@id":"https:\/\/al-tra.it\/certificazioni\/","url":"https:\/\/al-tra.it\/certificazioni\/","name":"Certificazioni profilati in alluminio alta precisione dimensionale- Al-Tra","isPartOf":{"@id":"https:\/\/al-tra.it\/#website"},"datePublished":"2017-03-20T09:38:28+00:00","dateModified":"2020-01-15T14:02:04+00:00","description":"AL-TRA \u00e8 in possesso delle certificazioni ISO 9001 e T\u00dcV NORD 15088 per garantire che il prodotto sia conforme ai requisiti espressi dal cliente.","breadcrumb":{"@id":"https:\/\/al-tra.it\/certificazioni\/#breadcrumb"},"inLanguage":"de","potentialAction":[{"@type":"ReadAction","target":["https:\/\/al-tra.it\/certificazioni\/"]}]},{"@type":"BreadcrumbList","@id":"https:\/\/al-tra.it\/certificazioni\/#breadcrumb","itemListElement":[{"@type":"ListItem","position":1,"name":"Home","item":"https:\/\/al-tra.it\/"},{"@type":"ListItem","position":2,"name":"Zertifizierungen"}]},{"@type":"WebSite","@id":"https:\/\/al-tra.it\/#website","url":"https:\/\/al-tra.it\/","name":"Al-tra","description":"Aluminum Extrusion","potentialAction":[{"@type":"SearchAction","target":{"@type":"EntryPoint","urlTemplate":"https:\/\/al-tra.it\/?s={search_term_string}"},"query-input":"required name=search_term_string"}],"inLanguage":"de"}]}},"_links":{"self":[{"href":"https:\/\/al-tra.it\/de\/wp-json\/wp\/v2\/pages\/1568","targetHints":{"allow":["GET"]}}],"collection":[{"href":"https:\/\/al-tra.it\/de\/wp-json\/wp\/v2\/pages"}],"about":[{"href":"https:\/\/al-tra.it\/de\/wp-json\/wp\/v2\/types\/page"}],"author":[{"embeddable":true,"href":"https:\/\/al-tra.it\/de\/wp-json\/wp\/v2\/users\/1"}],"replies":[{"embeddable":true,"href":"https:\/\/al-tra.it\/de\/wp-json\/wp\/v2\/comments?post=1568"}],"version-history":[{"count":3,"href":"https:\/\/al-tra.it\/de\/wp-json\/wp\/v2\/pages\/1568\/revisions"}],"predecessor-version":[{"id":1940,"href":"https:\/\/al-tra.it\/de\/wp-json\/wp\/v2\/pages\/1568\/revisions\/1940"}],"wp:attachment":[{"href":"https:\/\/al-tra.it\/de\/wp-json\/wp\/v2\/media?parent=1568"}],"curies":[{"name":"wp","href":"https:\/\/api.w.org\/{rel}","templated":true}]}}