{"id":1576,"date":"2017-03-20T10:30:04","date_gmt":"2017-03-20T09:30:04","guid":{"rendered":"http:\/\/al-tra.prmweb.biz\/estrusione-di-profilati-in-alluminio\/"},"modified":"2020-01-15T14:45:37","modified_gmt":"2020-01-15T13:45:37","slug":"estrusione-di-profilati-in-alluminio","status":"publish","type":"page","link":"https:\/\/al-tra.it\/de\/estrusione-di-profilati-in-alluminio\/","title":{"rendered":"Strangpressen"},"content":{"rendered":"[vc_row type=&#8220;full_width_content&#8220; full_screen_row_position=&#8220;middle&#8220; equal_height=&#8220;yes&#8220; content_placement=&#8220;middle&#8220; scene_position=&#8220;center&#8220; text_color=&#8220;dark&#8220; text_align=&#8220;left&#8220; overlay_strength=&#8220;0.3&#8243;][vc_column column_padding=&#8220;padding-5-percent&#8220; column_padding_position=&#8220;all&#8220; background_color_opacity=&#8220;1&#8243; background_hover_color_opacity=&#8220;1&#8243; column_shadow=&#8220;none&#8220; width=&#8220;1\/2&#8243; tablet_text_alignment=&#8220;default&#8220; phone_text_alignment=&#8220;default&#8220; column_border_width=&#8220;none&#8220; column_border_style=&#8220;solid&#8220;][vc_row_inner column_margin=&#8220;default&#8220; text_align=&#8220;left&#8220;][vc_column_inner column_padding=&#8220;no-extra-padding&#8220; column_padding_position=&#8220;all&#8220; background_color_opacity=&#8220;1&#8243; width=&#8220;1\/1&#8243; column_border_width=&#8220;none&#8220; column_border_style=&#8220;solid&#8220;]<div class=\"nectar-social  hide-share-count items_4\"><a class='facebook-share nectar-sharing' href='#' title='Share this'> <i class='fa fa-facebook'><\/i> <span class='count'><\/span><\/a><a class='twitter-share nectar-sharing' href='#' title='Tweet this'> <i class='fa fa-twitter'><\/i> <span class='count'><\/span><\/a><a class='google-plus-share nectar-sharing-alt' href='#' title='Share this'> <i class='fa fa-google-plus'><\/i> <span class='count'><\/span><\/a><a class='linkedin-share nectar-sharing' href='#' title='Share this'> <i class='fa fa-linkedin'><\/i> <span class='count'><\/span><\/a><\/div>[vc_custom_heading text=&#8220;<i>Eine Spezialisierung, die lange anh\u00e4lt<\/i>&#8220; font_container=&#8220;tag:h4|text_align:left|color:%23bfbfbf&#8220; use_theme_fonts=&#8220;yes&#8220;][vc_custom_heading text=&#8220;STRANGPRESSEN&#8220; font_container=&#8220;tag:h1|text_align:left|color:%23ee7d00&#8243; use_theme_fonts=&#8220;yes&#8220;][vc_column_text]\n<p id=\"tw-target-text\" class=\"tw-data-text tw-text-large tw-ta\" dir=\"ltr\" data-placeholder=\"Traduzione\"><span lang=\"de\">AL-TRA ist spezialisiert auf die Extrusion von Standard-Aluminiumprofilen, Sonderausf\u00fchrungen und Mikro-Aluminiumprofilen. <\/span><\/p>\n<p class=\"tw-data-text tw-text-large tw-ta\" dir=\"ltr\" data-placeholder=\"Traduzione\"><span lang=\"de\">Technische Eigenschaften der Aluminiumprofile AL-TRA: <\/span><\/p>\n<p class=\"tw-data-text tw-text-large tw-ta\" dir=\"ltr\" data-placeholder=\"Traduzione\"><span lang=\"de\">Kundenspezifische Formen <\/span><\/p>\n<p class=\"tw-data-text tw-text-large tw-ta\" dir=\"ltr\" data-placeholder=\"Traduzione\"><span lang=\"de\">Legierungsart: 6060\/6063\/6005 <\/span><\/p>\n<p class=\"tw-data-text tw-text-large tw-ta\" dir=\"ltr\" data-placeholder=\"Traduzione\"><span lang=\"de\">Mindestgewicht 0,030 kg \/ ml <\/span><\/p>\n<p class=\"tw-data-text tw-text-large tw-ta\" dir=\"ltr\" data-placeholder=\"Traduzione\"><span lang=\"de\">Mindestst\u00e4rke 0,7 mm <\/span><\/p>\n<p class=\"tw-data-text tw-text-large tw-ta\" dir=\"ltr\" data-placeholder=\"Traduzione\"><span lang=\"de\">Rund-Profile maximaler Durchmesser 150 mm <\/span><\/p>\n<p class=\"tw-data-text tw-text-large tw-ta\" dir=\"ltr\" data-placeholder=\"Traduzione\"><span lang=\"de\">Quadrat-Profile maximale Gr\u00f6\u00dfe 110 mm x 110 mm <\/span><\/p>\n<p class=\"tw-data-text tw-text-large tw-ta\" dir=\"ltr\" data-placeholder=\"Traduzione\"><span lang=\"de\">Maximale Profilbreite 180 mm x 20 mm <\/span><\/p>\n<p class=\"tw-data-text tw-text-large tw-ta\" dir=\"ltr\" data-placeholder=\"Traduzione\"><span lang=\"de\">Standardprofile-Handelsware L\u00e4nge bis zu 7,2\u00a0lm<\/span><\/p>\n<p class=\"tw-data-text tw-text-large tw-ta\" dir=\"ltr\" data-placeholder=\"Traduzione\"><span lang=\"de\">Lieferung von Qualit\u00e4tsprofilen in k\u00fcrzester Zeit<\/span><\/p>\n<p class=\"tw-data-text tw-text-large tw-ta\" dir=\"ltr\" data-placeholder=\"Traduzione\"><span lang=\"de\">Unterst\u00fctzung w\u00e4hrend der Studienphase der Zeichnung<\/span><\/p>\n<p class=\"tw-data-text tw-text-large tw-ta\" dir=\"ltr\" data-placeholder=\"Traduzione\"><span lang=\"de\">Unterst\u00fctzung der automatischen Inspektion der Profilgeometrie und der Ma\u00dfkontrolle<\/span><\/p>\n<p class=\"tw-data-text tw-text-large tw-ta\" dir=\"ltr\" data-placeholder=\"Traduzione\"><span lang=\"de\">Kompetenz unserer qualifizierten Mitarbeiter \u00fcber die gesamte Lieferkette bis hin zum fertigen Produkt ist unsere wichtigste Aufgabe<\/span><\/p>\n<p class=\"tw-data-text tw-text-large tw-ta\" dir=\"ltr\" data-placeholder=\"Traduzione\"><span lang=\"de\">Auf Kundenwunsch k\u00f6nnen wir Ihnen Ma\u00dfberichte zur Verf\u00fcgung stellen, die mit der Ma\u00dfkontrollmaschine ROMIDOT erstellt wurden.<\/span><\/p>\n[\/vc_column_text][\/vc_column_inner][\/vc_row_inner][\/vc_column][vc_column column_padding=&#8220;no-extra-padding&#8220; column_padding_position=&#8220;all&#8220; background_color_opacity=&#8220;1&#8243; background_hover_color_opacity=&#8220;1&#8243; column_shadow=&#8220;none&#8220; width=&#8220;1\/2&#8243; tablet_text_alignment=&#8220;default&#8220; phone_text_alignment=&#8220;default&#8220; column_border_width=&#8220;none&#8220; column_border_style=&#8220;solid&#8220;][vc_gallery type=&#8220;image_grid&#8220; images=&#8220;1716,1410,1715,1717,1718,1726,1763,1767&#8243; layout=&#8220;3&#8243; gallery_style=&#8220;1&#8243; load_in_animation=&#8220;none&#8220; img_size=&#8220;800&#215;600&#8243;][\/vc_column][\/vc_row]\n","protected":false},"excerpt":{"rendered":"<p>[vc_row type=&#8220;full_width_content&#8220; full_screen_row_position=&#8220;middle&#8220; equal_height=&#8220;yes&#8220; content_placement=&#8220;middle&#8220; scene_position=&#8220;center&#8220; text_color=&#8220;dark&#8220; text_align=&#8220;left&#8220; overlay_strength=&#8220;0.3&#8243;][vc_column column_padding=&#8220;padding-5-percent&#8220; column_padding_position=&#8220;all&#8220; background_color_opacity=&#8220;1&#8243; background_hover_color_opacity=&#8220;1&#8243; column_shadow=&#8220;none&#8220; width=&#8220;1\/2&#8243; tablet_text_alignment=&#8220;default&#8220; phone_text_alignment=&#8220;default&#8220; column_border_width=&#8220;none&#8220; column_border_style=&#8220;solid&#8220;][vc_row_inner column_margin=&#8220;default&#8220;&#8230;<\/p>\n","protected":false},"author":1,"featured_media":0,"parent":0,"menu_order":0,"comment_status":"closed","ping_status":"closed","template":"","meta":{"footnotes":""},"class_list":["post-1576","page","type-page","status-publish","hentry"],"yoast_head":"<!-- This site is optimized with the Yoast SEO plugin v21.3 - https:\/\/yoast.com\/wordpress\/plugins\/seo\/ -->\n<title>Estrusione di profilati in alluminio standard e speciali - AL-TRA<\/title>\n<meta name=\"description\" content=\"AL-TRA \u00e8 specializzata nell&#039;estrusione di profilati in alluminio standard, speciali a disegno e micro-profilati di alluminio.\" \/>\n<meta name=\"robots\" content=\"index, follow, max-snippet:-1, max-image-preview:large, max-video-preview:-1\" \/>\n<link rel=\"canonical\" href=\"https:\/\/al-tra.it\/estrusione-di-profilati-in-alluminio\/\" \/>\n<meta property=\"og:locale\" content=\"de_DE\" \/>\n<meta property=\"og:type\" content=\"article\" \/>\n<meta property=\"og:title\" content=\"Estrusione di profilati in alluminio standard e speciali - AL-TRA\" \/>\n<meta property=\"og:description\" content=\"AL-TRA \u00e8 specializzata nell&#039;estrusione di profilati in alluminio standard, speciali a disegno e micro-profilati di alluminio.\" \/>\n<meta property=\"og:url\" content=\"https:\/\/al-tra.it\/estrusione-di-profilati-in-alluminio\/\" \/>\n<meta property=\"og:site_name\" content=\"Al-tra\" \/>\n<meta property=\"article:publisher\" content=\"https:\/\/www.facebook.com\/Al-tra-1451183258278938\/\" \/>\n<meta property=\"article:modified_time\" content=\"2020-01-15T13:45:37+00:00\" \/>\n<meta name=\"twitter:card\" content=\"summary_large_image\" \/>\n<meta name=\"twitter:label1\" content=\"Gesch\u00e4tzte Lesezeit\" \/>\n\t<meta name=\"twitter:data1\" content=\"2\u00a0Minuten\" \/>\n<script type=\"application\/ld+json\" class=\"yoast-schema-graph\">{\"@context\":\"https:\/\/schema.org\",\"@graph\":[{\"@type\":\"WebPage\",\"@id\":\"https:\/\/al-tra.it\/estrusione-di-profilati-in-alluminio\/\",\"url\":\"https:\/\/al-tra.it\/estrusione-di-profilati-in-alluminio\/\",\"name\":\"Estrusione di profilati in alluminio standard e speciali - AL-TRA\",\"isPartOf\":{\"@id\":\"https:\/\/al-tra.it\/#website\"},\"datePublished\":\"2017-03-20T09:30:04+00:00\",\"dateModified\":\"2020-01-15T13:45:37+00:00\",\"description\":\"AL-TRA \u00e8 specializzata nell'estrusione di profilati in alluminio standard, speciali a disegno e micro-profilati di alluminio.\",\"breadcrumb\":{\"@id\":\"https:\/\/al-tra.it\/estrusione-di-profilati-in-alluminio\/#breadcrumb\"},\"inLanguage\":\"de\",\"potentialAction\":[{\"@type\":\"ReadAction\",\"target\":[\"https:\/\/al-tra.it\/estrusione-di-profilati-in-alluminio\/\"]}]},{\"@type\":\"BreadcrumbList\",\"@id\":\"https:\/\/al-tra.it\/estrusione-di-profilati-in-alluminio\/#breadcrumb\",\"itemListElement\":[{\"@type\":\"ListItem\",\"position\":1,\"name\":\"Home\",\"item\":\"https:\/\/al-tra.it\/\"},{\"@type\":\"ListItem\",\"position\":2,\"name\":\"Strangpressen\"}]},{\"@type\":\"WebSite\",\"@id\":\"https:\/\/al-tra.it\/#website\",\"url\":\"https:\/\/al-tra.it\/\",\"name\":\"Al-tra\",\"description\":\"Aluminum Extrusion\",\"potentialAction\":[{\"@type\":\"SearchAction\",\"target\":{\"@type\":\"EntryPoint\",\"urlTemplate\":\"https:\/\/al-tra.it\/?s={search_term_string}\"},\"query-input\":\"required name=search_term_string\"}],\"inLanguage\":\"de\"}]}<\/script>\n<!-- \/ Yoast SEO plugin. -->","yoast_head_json":{"title":"Estrusione di profilati in alluminio standard e speciali - AL-TRA","description":"AL-TRA \u00e8 specializzata nell'estrusione di profilati in alluminio standard, speciali a disegno e micro-profilati di alluminio.","robots":{"index":"index","follow":"follow","max-snippet":"max-snippet:-1","max-image-preview":"max-image-preview:large","max-video-preview":"max-video-preview:-1"},"canonical":"https:\/\/al-tra.it\/estrusione-di-profilati-in-alluminio\/","og_locale":"de_DE","og_type":"article","og_title":"Estrusione di profilati in alluminio standard e speciali - AL-TRA","og_description":"AL-TRA \u00e8 specializzata nell'estrusione di profilati in alluminio standard, speciali a disegno e micro-profilati di alluminio.","og_url":"https:\/\/al-tra.it\/estrusione-di-profilati-in-alluminio\/","og_site_name":"Al-tra","article_publisher":"https:\/\/www.facebook.com\/Al-tra-1451183258278938\/","article_modified_time":"2020-01-15T13:45:37+00:00","twitter_card":"summary_large_image","twitter_misc":{"Gesch\u00e4tzte Lesezeit":"2\u00a0Minuten"},"schema":{"@context":"https:\/\/schema.org","@graph":[{"@type":"WebPage","@id":"https:\/\/al-tra.it\/estrusione-di-profilati-in-alluminio\/","url":"https:\/\/al-tra.it\/estrusione-di-profilati-in-alluminio\/","name":"Estrusione di profilati in alluminio standard e speciali - AL-TRA","isPartOf":{"@id":"https:\/\/al-tra.it\/#website"},"datePublished":"2017-03-20T09:30:04+00:00","dateModified":"2020-01-15T13:45:37+00:00","description":"AL-TRA \u00e8 specializzata nell'estrusione di profilati in alluminio standard, speciali a disegno e micro-profilati di alluminio.","breadcrumb":{"@id":"https:\/\/al-tra.it\/estrusione-di-profilati-in-alluminio\/#breadcrumb"},"inLanguage":"de","potentialAction":[{"@type":"ReadAction","target":["https:\/\/al-tra.it\/estrusione-di-profilati-in-alluminio\/"]}]},{"@type":"BreadcrumbList","@id":"https:\/\/al-tra.it\/estrusione-di-profilati-in-alluminio\/#breadcrumb","itemListElement":[{"@type":"ListItem","position":1,"name":"Home","item":"https:\/\/al-tra.it\/"},{"@type":"ListItem","position":2,"name":"Strangpressen"}]},{"@type":"WebSite","@id":"https:\/\/al-tra.it\/#website","url":"https:\/\/al-tra.it\/","name":"Al-tra","description":"Aluminum Extrusion","potentialAction":[{"@type":"SearchAction","target":{"@type":"EntryPoint","urlTemplate":"https:\/\/al-tra.it\/?s={search_term_string}"},"query-input":"required name=search_term_string"}],"inLanguage":"de"}]}},"_links":{"self":[{"href":"https:\/\/al-tra.it\/de\/wp-json\/wp\/v2\/pages\/1576","targetHints":{"allow":["GET"]}}],"collection":[{"href":"https:\/\/al-tra.it\/de\/wp-json\/wp\/v2\/pages"}],"about":[{"href":"https:\/\/al-tra.it\/de\/wp-json\/wp\/v2\/types\/page"}],"author":[{"embeddable":true,"href":"https:\/\/al-tra.it\/de\/wp-json\/wp\/v2\/users\/1"}],"replies":[{"embeddable":true,"href":"https:\/\/al-tra.it\/de\/wp-json\/wp\/v2\/comments?post=1576"}],"version-history":[{"count":13,"href":"https:\/\/al-tra.it\/de\/wp-json\/wp\/v2\/pages\/1576\/revisions"}],"predecessor-version":[{"id":1936,"href":"https:\/\/al-tra.it\/de\/wp-json\/wp\/v2\/pages\/1576\/revisions\/1936"}],"wp:attachment":[{"href":"https:\/\/al-tra.it\/de\/wp-json\/wp\/v2\/media?parent=1576"}],"curies":[{"name":"wp","href":"https:\/\/api.w.org\/{rel}","templated":true}]}}