{"id":1581,"date":"2017-03-20T10:38:40","date_gmt":"2017-03-20T09:38:40","guid":{"rendered":"http:\/\/al-tra.prmweb.biz\/materie-prime\/"},"modified":"2020-01-15T13:42:10","modified_gmt":"2020-01-15T12:42:10","slug":"materie-prime","status":"publish","type":"page","link":"https:\/\/al-tra.it\/de\/materie-prime\/","title":{"rendered":"Rohstoffe"},"content":{"rendered":"[vc_row type=&#8220;full_width_content&#8220; full_screen_row_position=&#8220;middle&#8220; equal_height=&#8220;yes&#8220; content_placement=&#8220;middle&#8220; scene_position=&#8220;center&#8220; text_color=&#8220;dark&#8220; text_align=&#8220;left&#8220; overlay_strength=&#8220;0.3&#8243;][vc_column column_padding=&#8220;padding-5-percent&#8220; column_padding_position=&#8220;all&#8220; background_color_opacity=&#8220;1&#8243; background_hover_color_opacity=&#8220;1&#8243; column_shadow=&#8220;none&#8220; width=&#8220;1\/2&#8243; tablet_text_alignment=&#8220;default&#8220; phone_text_alignment=&#8220;default&#8220; column_border_width=&#8220;none&#8220; column_border_style=&#8220;solid&#8220;][vc_row_inner column_margin=&#8220;default&#8220; text_align=&#8220;left&#8220;][vc_column_inner column_padding=&#8220;no-extra-padding&#8220; column_padding_position=&#8220;all&#8220; background_color_opacity=&#8220;1&#8243; width=&#8220;1\/1&#8243; column_border_width=&#8220;none&#8220; column_border_style=&#8220;solid&#8220;]<div class=\"nectar-social  hide-share-count items_4\"><a class='facebook-share nectar-sharing' href='#' title='Share this'> <i class='fa fa-facebook'><\/i> <span class='count'><\/span><\/a><a class='twitter-share nectar-sharing' href='#' title='Tweet this'> <i class='fa fa-twitter'><\/i> <span class='count'><\/span><\/a><a class='google-plus-share nectar-sharing-alt' href='#' title='Share this'> <i class='fa fa-google-plus'><\/i> <span class='count'><\/span><\/a><a class='linkedin-share nectar-sharing' href='#' title='Share this'> <i class='fa fa-linkedin'><\/i> <span class='count'><\/span><\/a><\/div>[vc_custom_heading text=&#8220;<i>Erstklassig, bei jeder Gelegenheit<\/i>&#8220; font_container=&#8220;tag:h4|text_align:left|color:%23bfbfbf&#8220; use_theme_fonts=&#8220;yes&#8220;][vc_custom_heading text=&#8220;Rohstoffe&#8220; font_container=&#8220;tag:h1|text_align:left|color:%23ee7d00&#8243; use_theme_fonts=&#8220;yes&#8220;][vc_column_text]<strong>Al-TRA verwendet Aluminiumlegierungen der SERIE EN AW 6060\/6063\/6005 (Aluminium-Magnesium-Silicium-Legierungen).<\/strong>\u00a0Diese Legierungen haben mittlere mechanische Best\u00e4ndigkeit mit optimaler Korrosionsbest\u00e4ndigkeit.<\/p>\n<p>Die Aluminiumstrangpresserzeugnisse EN AW 6060 sind geeignet f\u00fcr Profile mit komplexer Gr\u00f6\u00dfe und sehr d\u00fcnner Dicke, wegen der hohen Extrudierbarkeit und der hohen Deformationsgeschwindigkeit bei Hitze.<\/p>\n<p>Diese Erzeugnisse Eignen sich sehr gut f\u00fcr\u00a0 Oberfl\u00e4chenbehandlungen wie adonische Oxydation und Lackierung<\/p>\n<p>Die Legierung EN AW 6063\u00a0ist besonders geeignet f\u00fcr Produkte mit guter mechanischer Best\u00e4ndigkeit\u00a0f\u00fcr in Umgebunden, die eine hohe Korrosionsbest\u00e4ndigkeit erfordern (Automation).<\/p>\n<p>Aluminiumstrangpresserzeugnisse\u00a0EN AW 6005 sind ideal im Bau, Eisenbahnsektor und im Industrie-Metallbau einzusetzen, dank der Eigenschaften mittlerer mechanischer Best\u00e4ndigkeit kombiniert mit guter Korrosionsbest\u00e4ndigkeit.[\/vc_column_text][\/vc_column_inner][\/vc_row_inner][\/vc_column][vc_column column_padding=&#8220;no-extra-padding&#8220; column_padding_position=&#8220;all&#8220; background_color_opacity=&#8220;1&#8243; background_hover_color_opacity=&#8220;1&#8243; column_shadow=&#8220;none&#8220; width=&#8220;1\/2&#8243; tablet_text_alignment=&#8220;default&#8220; phone_text_alignment=&#8220;default&#8220; column_border_width=&#8220;none&#8220; column_border_style=&#8220;solid&#8220;][vc_gallery type=&#8220;nectarslider_style&#8220; images=&#8220;1703,1701&#8243; bullet_navigation_style=&#8220;see_through&#8220; onclick=&#8220;link_no&#8220; img_size=&#8220;800&#215;600&#8243;][\/vc_column][\/vc_row]\n","protected":false},"excerpt":{"rendered":"<p>[vc_row type=&#8220;full_width_content&#8220; full_screen_row_position=&#8220;middle&#8220; equal_height=&#8220;yes&#8220; content_placement=&#8220;middle&#8220; scene_position=&#8220;center&#8220; text_color=&#8220;dark&#8220; text_align=&#8220;left&#8220; overlay_strength=&#8220;0.3&#8243;][vc_column column_padding=&#8220;padding-5-percent&#8220; column_padding_position=&#8220;all&#8220; background_color_opacity=&#8220;1&#8243; background_hover_color_opacity=&#8220;1&#8243; column_shadow=&#8220;none&#8220; width=&#8220;1\/2&#8243; tablet_text_alignment=&#8220;default&#8220; phone_text_alignment=&#8220;default&#8220; column_border_width=&#8220;none&#8220; column_border_style=&#8220;solid&#8220;][vc_row_inner column_margin=&#8220;default&#8220;&#8230;<\/p>\n","protected":false},"author":1,"featured_media":0,"parent":0,"menu_order":0,"comment_status":"closed","ping_status":"closed","template":"","meta":{"footnotes":""},"class_list":["post-1581","page","type-page","status-publish","hentry"],"yoast_head":"<!-- This site is optimized with the Yoast SEO plugin v21.3 - https:\/\/yoast.com\/wordpress\/plugins\/seo\/ -->\n<title>Materie prime per estrusi alluminio di prima qualit\u00e0 - AL-TRA<\/title>\n<meta name=\"description\" content=\"AL-TRA utilizza materie per estrusi alluminio prime come leghe di alluminio SERIE EN AW 6060 \/ 6063 \/ 6005 (leghe di Alluminio-Magnesio-Silicio).\" \/>\n<meta name=\"robots\" content=\"index, follow, max-snippet:-1, max-image-preview:large, max-video-preview:-1\" \/>\n<link rel=\"canonical\" href=\"https:\/\/al-tra.it\/materie-prime\/\" \/>\n<meta property=\"og:locale\" content=\"de_DE\" \/>\n<meta property=\"og:type\" content=\"article\" \/>\n<meta property=\"og:title\" content=\"Materie prime per estrusi alluminio di prima qualit\u00e0 - AL-TRA\" \/>\n<meta property=\"og:description\" content=\"AL-TRA utilizza materie per estrusi alluminio prime come leghe di alluminio SERIE EN AW 6060 \/ 6063 \/ 6005 (leghe di Alluminio-Magnesio-Silicio).\" \/>\n<meta property=\"og:url\" content=\"https:\/\/al-tra.it\/materie-prime\/\" \/>\n<meta property=\"og:site_name\" content=\"Al-tra\" \/>\n<meta property=\"article:publisher\" content=\"https:\/\/www.facebook.com\/Al-tra-1451183258278938\/\" \/>\n<meta property=\"article:modified_time\" content=\"2020-01-15T12:42:10+00:00\" \/>\n<meta name=\"twitter:card\" content=\"summary_large_image\" \/>\n<meta name=\"twitter:label1\" content=\"Gesch\u00e4tzte Lesezeit\" \/>\n\t<meta name=\"twitter:data1\" content=\"2\u00a0Minuten\" \/>\n<script type=\"application\/ld+json\" class=\"yoast-schema-graph\">{\"@context\":\"https:\/\/schema.org\",\"@graph\":[{\"@type\":\"WebPage\",\"@id\":\"https:\/\/al-tra.it\/materie-prime\/\",\"url\":\"https:\/\/al-tra.it\/materie-prime\/\",\"name\":\"Materie prime per estrusi alluminio di prima qualit\u00e0 - AL-TRA\",\"isPartOf\":{\"@id\":\"https:\/\/al-tra.it\/#website\"},\"datePublished\":\"2017-03-20T09:38:40+00:00\",\"dateModified\":\"2020-01-15T12:42:10+00:00\",\"description\":\"AL-TRA utilizza materie per estrusi alluminio prime come leghe di alluminio SERIE EN AW 6060 \/ 6063 \/ 6005 (leghe di Alluminio-Magnesio-Silicio).\",\"breadcrumb\":{\"@id\":\"https:\/\/al-tra.it\/materie-prime\/#breadcrumb\"},\"inLanguage\":\"de\",\"potentialAction\":[{\"@type\":\"ReadAction\",\"target\":[\"https:\/\/al-tra.it\/materie-prime\/\"]}]},{\"@type\":\"BreadcrumbList\",\"@id\":\"https:\/\/al-tra.it\/materie-prime\/#breadcrumb\",\"itemListElement\":[{\"@type\":\"ListItem\",\"position\":1,\"name\":\"Home\",\"item\":\"https:\/\/al-tra.it\/\"},{\"@type\":\"ListItem\",\"position\":2,\"name\":\"Rohstoffe\"}]},{\"@type\":\"WebSite\",\"@id\":\"https:\/\/al-tra.it\/#website\",\"url\":\"https:\/\/al-tra.it\/\",\"name\":\"Al-tra\",\"description\":\"Aluminum Extrusion\",\"potentialAction\":[{\"@type\":\"SearchAction\",\"target\":{\"@type\":\"EntryPoint\",\"urlTemplate\":\"https:\/\/al-tra.it\/?s={search_term_string}\"},\"query-input\":\"required name=search_term_string\"}],\"inLanguage\":\"de\"}]}<\/script>\n<!-- \/ Yoast SEO plugin. -->","yoast_head_json":{"title":"Materie prime per estrusi alluminio di prima qualit\u00e0 - AL-TRA","description":"AL-TRA utilizza materie per estrusi alluminio prime come leghe di alluminio SERIE EN AW 6060 \/ 6063 \/ 6005 (leghe di Alluminio-Magnesio-Silicio).","robots":{"index":"index","follow":"follow","max-snippet":"max-snippet:-1","max-image-preview":"max-image-preview:large","max-video-preview":"max-video-preview:-1"},"canonical":"https:\/\/al-tra.it\/materie-prime\/","og_locale":"de_DE","og_type":"article","og_title":"Materie prime per estrusi alluminio di prima qualit\u00e0 - AL-TRA","og_description":"AL-TRA utilizza materie per estrusi alluminio prime come leghe di alluminio SERIE EN AW 6060 \/ 6063 \/ 6005 (leghe di Alluminio-Magnesio-Silicio).","og_url":"https:\/\/al-tra.it\/materie-prime\/","og_site_name":"Al-tra","article_publisher":"https:\/\/www.facebook.com\/Al-tra-1451183258278938\/","article_modified_time":"2020-01-15T12:42:10+00:00","twitter_card":"summary_large_image","twitter_misc":{"Gesch\u00e4tzte Lesezeit":"2\u00a0Minuten"},"schema":{"@context":"https:\/\/schema.org","@graph":[{"@type":"WebPage","@id":"https:\/\/al-tra.it\/materie-prime\/","url":"https:\/\/al-tra.it\/materie-prime\/","name":"Materie prime per estrusi alluminio di prima qualit\u00e0 - AL-TRA","isPartOf":{"@id":"https:\/\/al-tra.it\/#website"},"datePublished":"2017-03-20T09:38:40+00:00","dateModified":"2020-01-15T12:42:10+00:00","description":"AL-TRA utilizza materie per estrusi alluminio prime come leghe di alluminio SERIE EN AW 6060 \/ 6063 \/ 6005 (leghe di Alluminio-Magnesio-Silicio).","breadcrumb":{"@id":"https:\/\/al-tra.it\/materie-prime\/#breadcrumb"},"inLanguage":"de","potentialAction":[{"@type":"ReadAction","target":["https:\/\/al-tra.it\/materie-prime\/"]}]},{"@type":"BreadcrumbList","@id":"https:\/\/al-tra.it\/materie-prime\/#breadcrumb","itemListElement":[{"@type":"ListItem","position":1,"name":"Home","item":"https:\/\/al-tra.it\/"},{"@type":"ListItem","position":2,"name":"Rohstoffe"}]},{"@type":"WebSite","@id":"https:\/\/al-tra.it\/#website","url":"https:\/\/al-tra.it\/","name":"Al-tra","description":"Aluminum Extrusion","potentialAction":[{"@type":"SearchAction","target":{"@type":"EntryPoint","urlTemplate":"https:\/\/al-tra.it\/?s={search_term_string}"},"query-input":"required name=search_term_string"}],"inLanguage":"de"}]}},"_links":{"self":[{"href":"https:\/\/al-tra.it\/de\/wp-json\/wp\/v2\/pages\/1581","targetHints":{"allow":["GET"]}}],"collection":[{"href":"https:\/\/al-tra.it\/de\/wp-json\/wp\/v2\/pages"}],"about":[{"href":"https:\/\/al-tra.it\/de\/wp-json\/wp\/v2\/types\/page"}],"author":[{"embeddable":true,"href":"https:\/\/al-tra.it\/de\/wp-json\/wp\/v2\/users\/1"}],"replies":[{"embeddable":true,"href":"https:\/\/al-tra.it\/de\/wp-json\/wp\/v2\/comments?post=1581"}],"version-history":[{"count":5,"href":"https:\/\/al-tra.it\/de\/wp-json\/wp\/v2\/pages\/1581\/revisions"}],"predecessor-version":[{"id":1917,"href":"https:\/\/al-tra.it\/de\/wp-json\/wp\/v2\/pages\/1581\/revisions\/1917"}],"wp:attachment":[{"href":"https:\/\/al-tra.it\/de\/wp-json\/wp\/v2\/media?parent=1581"}],"curies":[{"name":"wp","href":"https:\/\/api.w.org\/{rel}","templated":true}]}}