{"id":1585,"date":"2017-03-20T10:24:36","date_gmt":"2017-03-20T09:24:36","guid":{"rendered":"http:\/\/al-tra.prmweb.biz\/progettazione-delle-matrici-dei-profilati\/"},"modified":"2020-01-15T14:54:44","modified_gmt":"2020-01-15T13:54:44","slug":"progettazione-delle-matrici-dei-profilati","status":"publish","type":"page","link":"https:\/\/al-tra.it\/de\/progettazione-delle-matrici-dei-profilati\/","title":{"rendered":"Studie und Bau der Presswerkzeuge"},"content":{"rendered":"[vc_row type=&#8220;full_width_content&#8220; full_screen_row_position=&#8220;middle&#8220; equal_height=&#8220;yes&#8220; content_placement=&#8220;middle&#8220; scene_position=&#8220;center&#8220; text_color=&#8220;dark&#8220; text_align=&#8220;left&#8220; overlay_strength=&#8220;0.3&#8243;][vc_column column_padding=&#8220;padding-5-percent&#8220; column_padding_position=&#8220;all&#8220; background_color=&#8220;#f4f4f4&#8243; background_color_opacity=&#8220;1&#8243; background_hover_color_opacity=&#8220;1&#8243; column_shadow=&#8220;none&#8220; width=&#8220;1\/2&#8243; tablet_text_alignment=&#8220;default&#8220; phone_text_alignment=&#8220;default&#8220; column_border_width=&#8220;none&#8220; column_border_style=&#8220;solid&#8220;][vc_row_inner column_margin=&#8220;default&#8220; text_align=&#8220;left&#8220;][vc_column_inner enable_animation=&#8220;true&#8220; animation=&#8220;fade-in-from-bottom&#8220; column_padding=&#8220;no-extra-padding&#8220; column_padding_position=&#8220;all&#8220; background_color_opacity=&#8220;1&#8243; width=&#8220;1\/1&#8243; column_border_width=&#8220;none&#8220; column_border_style=&#8220;solid&#8220;]<div class=\"nectar-social  hide-share-count items_4\"><a class='facebook-share nectar-sharing' href='#' title='Share this'> <i class='fa fa-facebook'><\/i> <span class='count'><\/span><\/a><a class='twitter-share nectar-sharing' href='#' title='Tweet this'> <i class='fa fa-twitter'><\/i> <span class='count'><\/span><\/a><a class='google-plus-share nectar-sharing-alt' href='#' title='Share this'> <i class='fa fa-google-plus'><\/i> <span class='count'><\/span><\/a><a class='linkedin-share nectar-sharing' href='#' title='Share this'> <i class='fa fa-linkedin'><\/i> <span class='count'><\/span><\/a><\/div>[vc_custom_heading text=&#8220;<i>Die Pr\u00e4zision beginnt mit einer guten Planung<\/i>&#8220; font_container=&#8220;tag:h4|text_align:left|color:%23bfbfbf&#8220; use_theme_fonts=&#8220;yes&#8220; css=&#8220;.vc_custom_1498040123226{margin-bottom: 10px !important;}&#8220;][vc_custom_heading text=&#8220;Zeichnung der Profil Werkzeuge&#8220; font_container=&#8220;tag:h1|font_size:40|text_align:left|color:%23ee7d00|line_height:50px&#8220; use_theme_fonts=&#8220;yes&#8220;][vc_column_text]\n<p id=\"tw-target-text\" class=\"tw-data-text tw-text-large tw-ta\" dir=\"ltr\" data-placeholder=\"Traduzione\"><span lang=\"de\">Mit modernster Software k\u00fcmmern wir uns um die Gestaltung der Profile und Werkzeuge, um dem Kunden ein hohes Ma\u00df an Individualisierung zu gew\u00e4hrleisten. <\/span><\/p>\n<p class=\"tw-data-text tw-text-large tw-ta\" dir=\"ltr\" data-placeholder=\"Traduzione\"><span lang=\"de\">AL-TRA stellt seinen Kunden professionelle Mitarbeiter mit nachgewiesenem Know-How zur Verf\u00fcgung, um Profile zu erhalten, die den spezifischen Anforderungen entsprechen.<\/span><\/p>\n<p class=\"tw-data-text tw-text-large tw-ta\" dir=\"ltr\" data-placeholder=\"Traduzione\"><span lang=\"de\">In Zusammenarbeit mit dem Kunden identifiziert AL-TRA seine tats\u00e4chlichen Bed\u00fcrfnisse, pr\u00fcft seine Machbarkeit und kann dem Kunden in kurzer Zeit ein Angebot des Produkts und eine objektive Bewertung der Realisierung des extrudierten Produkts geben. <\/span><\/p>\n<p class=\"tw-data-text tw-text-large tw-ta\" dir=\"ltr\" data-placeholder=\"Traduzione\"><span lang=\"de\">Das technische Personal von AL-TRA ist in der Lage, schwierige und komplexe Profile zu entwickeln, die in kurzer Zeit herzustellen sind und die Kundenw\u00fcnsche erf\u00fcllen.<\/span><\/p>\n[\/vc_column_text][\/vc_column_inner][\/vc_row_inner][\/vc_column][vc_column column_padding=&#8220;no-extra-padding&#8220; column_padding_position=&#8220;all&#8220; background_color_opacity=&#8220;1&#8243; background_hover_color_opacity=&#8220;1&#8243; column_shadow=&#8220;none&#8220; width=&#8220;1\/2&#8243; tablet_text_alignment=&#8220;default&#8220; phone_text_alignment=&#8220;default&#8220; column_border_width=&#8220;none&#8220; column_border_style=&#8220;solid&#8220;][vc_gallery type=&#8220;nectarslider_style&#8220; images=&#8220;1742,1328,1327,1324,1721,1804,1836&#8243; bullet_navigation_style=&#8220;see_through&#8220; onclick=&#8220;link_no&#8220; img_size=&#8220;800&#215;600&#8243;][\/vc_column][\/vc_row]\n","protected":false},"excerpt":{"rendered":"<p>[vc_row type=&#8220;full_width_content&#8220; full_screen_row_position=&#8220;middle&#8220; equal_height=&#8220;yes&#8220; content_placement=&#8220;middle&#8220; scene_position=&#8220;center&#8220; text_color=&#8220;dark&#8220; text_align=&#8220;left&#8220; overlay_strength=&#8220;0.3&#8243;][vc_column column_padding=&#8220;padding-5-percent&#8220; column_padding_position=&#8220;all&#8220; background_color=&#8220;#f4f4f4&#8243; background_color_opacity=&#8220;1&#8243; background_hover_color_opacity=&#8220;1&#8243; column_shadow=&#8220;none&#8220; width=&#8220;1\/2&#8243; tablet_text_alignment=&#8220;default&#8220; phone_text_alignment=&#8220;default&#8220; column_border_width=&#8220;none&#8220; column_border_style=&#8220;solid&#8220;][vc_row_inner&#8230;<\/p>\n","protected":false},"author":1,"featured_media":0,"parent":0,"menu_order":0,"comment_status":"closed","ping_status":"closed","template":"","meta":{"footnotes":""},"class_list":["post-1585","page","type-page","status-publish","hentry"],"yoast_head":"<!-- This site is optimized with the Yoast SEO plugin v21.3 - https:\/\/yoast.com\/wordpress\/plugins\/seo\/ -->\n<title>Progettazione delle matrici dei profilati - AL-TRA<\/title>\n<meta name=\"description\" content=\"progettazione delle matrici dei profilati\" \/>\n<meta name=\"robots\" content=\"index, follow, max-snippet:-1, max-image-preview:large, max-video-preview:-1\" \/>\n<link rel=\"canonical\" href=\"https:\/\/al-tra.it\/progettazione-delle-matrici-dei-profilati\/\" \/>\n<meta property=\"og:locale\" content=\"de_DE\" \/>\n<meta property=\"og:type\" content=\"article\" \/>\n<meta property=\"og:title\" content=\"Progettazione delle matrici dei profilati - AL-TRA\" \/>\n<meta property=\"og:description\" content=\"progettazione delle matrici dei profilati\" \/>\n<meta property=\"og:url\" content=\"https:\/\/al-tra.it\/progettazione-delle-matrici-dei-profilati\/\" \/>\n<meta property=\"og:site_name\" content=\"Al-tra\" \/>\n<meta property=\"article:publisher\" content=\"https:\/\/www.facebook.com\/Al-tra-1451183258278938\/\" \/>\n<meta property=\"article:modified_time\" content=\"2020-01-15T13:54:44+00:00\" \/>\n<meta name=\"twitter:card\" content=\"summary_large_image\" \/>\n<meta name=\"twitter:label1\" content=\"Gesch\u00e4tzte Lesezeit\" \/>\n\t<meta name=\"twitter:data1\" content=\"2\u00a0Minuten\" \/>\n<script type=\"application\/ld+json\" class=\"yoast-schema-graph\">{\"@context\":\"https:\/\/schema.org\",\"@graph\":[{\"@type\":\"WebPage\",\"@id\":\"https:\/\/al-tra.it\/progettazione-delle-matrici-dei-profilati\/\",\"url\":\"https:\/\/al-tra.it\/progettazione-delle-matrici-dei-profilati\/\",\"name\":\"Progettazione delle matrici dei profilati - AL-TRA\",\"isPartOf\":{\"@id\":\"https:\/\/al-tra.it\/#website\"},\"datePublished\":\"2017-03-20T09:24:36+00:00\",\"dateModified\":\"2020-01-15T13:54:44+00:00\",\"description\":\"progettazione delle matrici dei profilati\",\"breadcrumb\":{\"@id\":\"https:\/\/al-tra.it\/progettazione-delle-matrici-dei-profilati\/#breadcrumb\"},\"inLanguage\":\"de\",\"potentialAction\":[{\"@type\":\"ReadAction\",\"target\":[\"https:\/\/al-tra.it\/progettazione-delle-matrici-dei-profilati\/\"]}]},{\"@type\":\"BreadcrumbList\",\"@id\":\"https:\/\/al-tra.it\/progettazione-delle-matrici-dei-profilati\/#breadcrumb\",\"itemListElement\":[{\"@type\":\"ListItem\",\"position\":1,\"name\":\"Home\",\"item\":\"https:\/\/al-tra.it\/\"},{\"@type\":\"ListItem\",\"position\":2,\"name\":\"Studie und Bau der Presswerkzeuge\"}]},{\"@type\":\"WebSite\",\"@id\":\"https:\/\/al-tra.it\/#website\",\"url\":\"https:\/\/al-tra.it\/\",\"name\":\"Al-tra\",\"description\":\"Aluminum Extrusion\",\"potentialAction\":[{\"@type\":\"SearchAction\",\"target\":{\"@type\":\"EntryPoint\",\"urlTemplate\":\"https:\/\/al-tra.it\/?s={search_term_string}\"},\"query-input\":\"required name=search_term_string\"}],\"inLanguage\":\"de\"}]}<\/script>\n<!-- \/ Yoast SEO plugin. -->","yoast_head_json":{"title":"Progettazione delle matrici dei profilati - AL-TRA","description":"progettazione delle matrici dei profilati","robots":{"index":"index","follow":"follow","max-snippet":"max-snippet:-1","max-image-preview":"max-image-preview:large","max-video-preview":"max-video-preview:-1"},"canonical":"https:\/\/al-tra.it\/progettazione-delle-matrici-dei-profilati\/","og_locale":"de_DE","og_type":"article","og_title":"Progettazione delle matrici dei profilati - AL-TRA","og_description":"progettazione delle matrici dei profilati","og_url":"https:\/\/al-tra.it\/progettazione-delle-matrici-dei-profilati\/","og_site_name":"Al-tra","article_publisher":"https:\/\/www.facebook.com\/Al-tra-1451183258278938\/","article_modified_time":"2020-01-15T13:54:44+00:00","twitter_card":"summary_large_image","twitter_misc":{"Gesch\u00e4tzte Lesezeit":"2\u00a0Minuten"},"schema":{"@context":"https:\/\/schema.org","@graph":[{"@type":"WebPage","@id":"https:\/\/al-tra.it\/progettazione-delle-matrici-dei-profilati\/","url":"https:\/\/al-tra.it\/progettazione-delle-matrici-dei-profilati\/","name":"Progettazione delle matrici dei profilati - AL-TRA","isPartOf":{"@id":"https:\/\/al-tra.it\/#website"},"datePublished":"2017-03-20T09:24:36+00:00","dateModified":"2020-01-15T13:54:44+00:00","description":"progettazione delle matrici dei profilati","breadcrumb":{"@id":"https:\/\/al-tra.it\/progettazione-delle-matrici-dei-profilati\/#breadcrumb"},"inLanguage":"de","potentialAction":[{"@type":"ReadAction","target":["https:\/\/al-tra.it\/progettazione-delle-matrici-dei-profilati\/"]}]},{"@type":"BreadcrumbList","@id":"https:\/\/al-tra.it\/progettazione-delle-matrici-dei-profilati\/#breadcrumb","itemListElement":[{"@type":"ListItem","position":1,"name":"Home","item":"https:\/\/al-tra.it\/"},{"@type":"ListItem","position":2,"name":"Studie und Bau der Presswerkzeuge"}]},{"@type":"WebSite","@id":"https:\/\/al-tra.it\/#website","url":"https:\/\/al-tra.it\/","name":"Al-tra","description":"Aluminum Extrusion","potentialAction":[{"@type":"SearchAction","target":{"@type":"EntryPoint","urlTemplate":"https:\/\/al-tra.it\/?s={search_term_string}"},"query-input":"required name=search_term_string"}],"inLanguage":"de"}]}},"_links":{"self":[{"href":"https:\/\/al-tra.it\/de\/wp-json\/wp\/v2\/pages\/1585","targetHints":{"allow":["GET"]}}],"collection":[{"href":"https:\/\/al-tra.it\/de\/wp-json\/wp\/v2\/pages"}],"about":[{"href":"https:\/\/al-tra.it\/de\/wp-json\/wp\/v2\/types\/page"}],"author":[{"embeddable":true,"href":"https:\/\/al-tra.it\/de\/wp-json\/wp\/v2\/users\/1"}],"replies":[{"embeddable":true,"href":"https:\/\/al-tra.it\/de\/wp-json\/wp\/v2\/comments?post=1585"}],"version-history":[{"count":11,"href":"https:\/\/al-tra.it\/de\/wp-json\/wp\/v2\/pages\/1585\/revisions"}],"predecessor-version":[{"id":1938,"href":"https:\/\/al-tra.it\/de\/wp-json\/wp\/v2\/pages\/1585\/revisions\/1938"}],"wp:attachment":[{"href":"https:\/\/al-tra.it\/de\/wp-json\/wp\/v2\/media?parent=1585"}],"curies":[{"name":"wp","href":"https:\/\/api.w.org\/{rel}","templated":true}]}}