{"id":1589,"date":"2017-03-27T09:46:42","date_gmt":"2017-03-27T07:46:42","guid":{"rendered":"http:\/\/al-tra.prmweb.biz\/materie-prime\/la-gamma\/"},"modified":"2020-01-15T13:48:53","modified_gmt":"2020-01-15T12:48:53","slug":"la-gamma","status":"publish","type":"page","link":"https:\/\/al-tra.it\/de\/materie-prime\/la-gamma\/","title":{"rendered":"Branchen"},"content":{"rendered":"[vc_row type=&#8220;full_width_content&#8220; full_screen_row_position=&#8220;middle&#8220; equal_height=&#8220;yes&#8220; content_placement=&#8220;middle&#8220; scene_position=&#8220;center&#8220; text_color=&#8220;dark&#8220; text_align=&#8220;left&#8220; overlay_strength=&#8220;0.3&#8243;][vc_column column_padding=&#8220;padding-5-percent&#8220; column_padding_position=&#8220;all&#8220; background_color_opacity=&#8220;1&#8243; background_hover_color_opacity=&#8220;1&#8243; column_shadow=&#8220;none&#8220; width=&#8220;1\/2&#8243; tablet_text_alignment=&#8220;default&#8220; phone_text_alignment=&#8220;default&#8220; column_border_width=&#8220;none&#8220; column_border_style=&#8220;solid&#8220;]<div class=\"nectar-social  hide-share-count items_4\"><a class='facebook-share nectar-sharing' href='#' title='Share this'> <i class='fa fa-facebook'><\/i> <span class='count'><\/span><\/a><a class='twitter-share nectar-sharing' href='#' title='Tweet this'> <i class='fa fa-twitter'><\/i> <span class='count'><\/span><\/a><a class='google-plus-share nectar-sharing-alt' href='#' title='Share this'> <i class='fa fa-google-plus'><\/i> <span class='count'><\/span><\/a><a class='linkedin-share nectar-sharing' href='#' title='Share this'> <i class='fa fa-linkedin'><\/i> <span class='count'><\/span><\/a><\/div>[vc_custom_heading text=&#8220;<i>Die Fr\u00fcchte unserer Arbeit<\/i>&#8220; font_container=&#8220;tag:h4|text_align:left|color:%23bfbfbf&#8220; use_theme_fonts=&#8220;yes&#8220;][vc_custom_heading text=&#8220;Branchen&#8220; font_container=&#8220;tag:h1|text_align:left|color:%23ee7d00&#8243; use_theme_fonts=&#8220;yes&#8220;][vc_column_text]\n<p id=\"tw-target-text\" class=\"tw-data-text tw-text-large tw-ta\" dir=\"ltr\" data-placeholder=\"Traduzione\"><span lang=\"de\">Die Sorgfalt bei der Herstellung von Mikroprofilen, die Pr\u00e4zision der Verarbeitung und die F\u00e4higkeit, auch kleine Chargen in die Produktion zu bringen, f\u00fchren dazu, dass die AL-TRA-Fertigerzeugnisse f\u00fcr vielf\u00e4ltige und qualifizierte Zwecke eingesetzt werden, insbesondere im Bereich M\u00f6bel, Beleuchtung, Haushaltsger\u00e4te. Industrierobotik. <\/span><\/p>\n<p class=\"tw-data-text tw-text-large tw-ta\" dir=\"ltr\" data-placeholder=\"Traduzione\"><span lang=\"de\">Wir z\u00e4hlen zu unseren Kunden die wichtigsten Hersteller im DIY-Bereich in Italien und im Ausland. Unsere Produkte erf\u00fcllen einen nationalen und internationalen Kundenkreis, der in vielen Produktbereichen t\u00e4tig ist:<\/span><\/p>\n<ul>\n<li>Duschkabine<\/li>\n<li>Markisen und Jalousien<\/li>\n<li>Moskitonetze<\/li>\n<li>Ger\u00e4te<\/li>\n<li>Zubeh\u00f6r f\u00fcr Fenster und T\u00fcren<\/li>\n<li>Beleuchtung<\/li>\n<li>Doppelverglasung<\/li>\n<li>Werbung<\/li>\n<li>Klimaanlagen<\/li>\n<li>K\u00fcchenm\u00f6bel<\/li>\n<li>Badezimmerm\u00f6bel<\/li>\n<\/ul>\n[\/vc_column_text][\/vc_column][vc_column column_padding=&#8220;no-extra-padding&#8220; column_padding_position=&#8220;all&#8220; background_color_opacity=&#8220;1&#8243; background_hover_color_opacity=&#8220;1&#8243; column_shadow=&#8220;none&#8220; width=&#8220;1\/2&#8243; tablet_text_alignment=&#8220;default&#8220; phone_text_alignment=&#8220;default&#8220; column_border_width=&#8220;none&#8220; column_border_style=&#8220;solid&#8220;][vc_gallery type=&#8220;nectarslider_style&#8220; images=&#8220;1315,1818,1811,1810,1808,1807,1827,1842,1843,1849,1848,1847,1846,1869,1870,1871&#8243; bullet_navigation_style=&#8220;see_through&#8220; onclick=&#8220;link_no&#8220; img_size=&#8220;800&#215;600&#8243;][\/vc_column][\/vc_row]\n","protected":false},"excerpt":{"rendered":"<p>[vc_row type=&#8220;full_width_content&#8220; full_screen_row_position=&#8220;middle&#8220; equal_height=&#8220;yes&#8220; content_placement=&#8220;middle&#8220; scene_position=&#8220;center&#8220; text_color=&#8220;dark&#8220; text_align=&#8220;left&#8220; overlay_strength=&#8220;0.3&#8243;][vc_column column_padding=&#8220;padding-5-percent&#8220; column_padding_position=&#8220;all&#8220; background_color_opacity=&#8220;1&#8243; background_hover_color_opacity=&#8220;1&#8243; column_shadow=&#8220;none&#8220; width=&#8220;1\/2&#8243; tablet_text_alignment=&#8220;default&#8220; phone_text_alignment=&#8220;default&#8220; column_border_width=&#8220;none&#8220; column_border_style=&#8220;solid&#8220;][vc_custom_heading text=&#8220;Die&#8230;<\/p>\n","protected":false},"author":1,"featured_media":0,"parent":1581,"menu_order":0,"comment_status":"closed","ping_status":"closed","template":"","meta":{"footnotes":""},"class_list":["post-1589","page","type-page","status-publish","hentry"],"yoast_head":"<!-- This site is optimized with the Yoast SEO plugin v21.3 - https:\/\/yoast.com\/wordpress\/plugins\/seo\/ -->\n<title>Gamma profilati in alluminio - AL-TRA<\/title>\n<meta name=\"description\" content=\"Gamma profilati in alluminio per molteplici e qualificati impieghi, in particolare nel settore arredamento, elettrodomestici, robotica industriale.\" \/>\n<meta name=\"robots\" content=\"index, follow, max-snippet:-1, max-image-preview:large, max-video-preview:-1\" \/>\n<link rel=\"canonical\" href=\"https:\/\/al-tra.it\/materie-prime\/la-gamma\/\" \/>\n<meta property=\"og:locale\" content=\"de_DE\" \/>\n<meta property=\"og:type\" content=\"article\" \/>\n<meta property=\"og:title\" content=\"Gamma profilati in alluminio - AL-TRA\" \/>\n<meta property=\"og:description\" content=\"Gamma profilati in alluminio per molteplici e qualificati impieghi, in particolare nel settore arredamento, elettrodomestici, robotica industriale.\" \/>\n<meta property=\"og:url\" content=\"https:\/\/al-tra.it\/materie-prime\/la-gamma\/\" \/>\n<meta property=\"og:site_name\" content=\"Al-tra\" \/>\n<meta property=\"article:publisher\" content=\"https:\/\/www.facebook.com\/Al-tra-1451183258278938\/\" \/>\n<meta property=\"article:modified_time\" content=\"2020-01-15T12:48:53+00:00\" \/>\n<meta name=\"twitter:card\" content=\"summary_large_image\" \/>\n<meta name=\"twitter:label1\" content=\"Gesch\u00e4tzte Lesezeit\" \/>\n\t<meta name=\"twitter:data1\" content=\"1\u00a0Minute\" \/>\n<script type=\"application\/ld+json\" class=\"yoast-schema-graph\">{\"@context\":\"https:\/\/schema.org\",\"@graph\":[{\"@type\":\"WebPage\",\"@id\":\"https:\/\/al-tra.it\/materie-prime\/la-gamma\/\",\"url\":\"https:\/\/al-tra.it\/materie-prime\/la-gamma\/\",\"name\":\"Gamma profilati in alluminio - AL-TRA\",\"isPartOf\":{\"@id\":\"https:\/\/al-tra.it\/#website\"},\"datePublished\":\"2017-03-27T07:46:42+00:00\",\"dateModified\":\"2020-01-15T12:48:53+00:00\",\"description\":\"Gamma profilati in alluminio per molteplici e qualificati impieghi, in particolare nel settore arredamento, elettrodomestici, robotica industriale.\",\"breadcrumb\":{\"@id\":\"https:\/\/al-tra.it\/materie-prime\/la-gamma\/#breadcrumb\"},\"inLanguage\":\"de\",\"potentialAction\":[{\"@type\":\"ReadAction\",\"target\":[\"https:\/\/al-tra.it\/materie-prime\/la-gamma\/\"]}]},{\"@type\":\"BreadcrumbList\",\"@id\":\"https:\/\/al-tra.it\/materie-prime\/la-gamma\/#breadcrumb\",\"itemListElement\":[{\"@type\":\"ListItem\",\"position\":1,\"name\":\"Home\",\"item\":\"https:\/\/al-tra.it\/\"},{\"@type\":\"ListItem\",\"position\":2,\"name\":\"Rohstoffe\",\"item\":\"https:\/\/al-tra.it\/materie-prime\/\"},{\"@type\":\"ListItem\",\"position\":3,\"name\":\"Branchen\"}]},{\"@type\":\"WebSite\",\"@id\":\"https:\/\/al-tra.it\/#website\",\"url\":\"https:\/\/al-tra.it\/\",\"name\":\"Al-tra\",\"description\":\"Aluminum Extrusion\",\"potentialAction\":[{\"@type\":\"SearchAction\",\"target\":{\"@type\":\"EntryPoint\",\"urlTemplate\":\"https:\/\/al-tra.it\/?s={search_term_string}\"},\"query-input\":\"required name=search_term_string\"}],\"inLanguage\":\"de\"}]}<\/script>\n<!-- \/ Yoast SEO plugin. -->","yoast_head_json":{"title":"Gamma profilati in alluminio - AL-TRA","description":"Gamma profilati in alluminio per molteplici e qualificati impieghi, in particolare nel settore arredamento, elettrodomestici, robotica industriale.","robots":{"index":"index","follow":"follow","max-snippet":"max-snippet:-1","max-image-preview":"max-image-preview:large","max-video-preview":"max-video-preview:-1"},"canonical":"https:\/\/al-tra.it\/materie-prime\/la-gamma\/","og_locale":"de_DE","og_type":"article","og_title":"Gamma profilati in alluminio - AL-TRA","og_description":"Gamma profilati in alluminio per molteplici e qualificati impieghi, in particolare nel settore arredamento, elettrodomestici, robotica industriale.","og_url":"https:\/\/al-tra.it\/materie-prime\/la-gamma\/","og_site_name":"Al-tra","article_publisher":"https:\/\/www.facebook.com\/Al-tra-1451183258278938\/","article_modified_time":"2020-01-15T12:48:53+00:00","twitter_card":"summary_large_image","twitter_misc":{"Gesch\u00e4tzte Lesezeit":"1\u00a0Minute"},"schema":{"@context":"https:\/\/schema.org","@graph":[{"@type":"WebPage","@id":"https:\/\/al-tra.it\/materie-prime\/la-gamma\/","url":"https:\/\/al-tra.it\/materie-prime\/la-gamma\/","name":"Gamma profilati in alluminio - AL-TRA","isPartOf":{"@id":"https:\/\/al-tra.it\/#website"},"datePublished":"2017-03-27T07:46:42+00:00","dateModified":"2020-01-15T12:48:53+00:00","description":"Gamma profilati in alluminio per molteplici e qualificati impieghi, in particolare nel settore arredamento, elettrodomestici, robotica industriale.","breadcrumb":{"@id":"https:\/\/al-tra.it\/materie-prime\/la-gamma\/#breadcrumb"},"inLanguage":"de","potentialAction":[{"@type":"ReadAction","target":["https:\/\/al-tra.it\/materie-prime\/la-gamma\/"]}]},{"@type":"BreadcrumbList","@id":"https:\/\/al-tra.it\/materie-prime\/la-gamma\/#breadcrumb","itemListElement":[{"@type":"ListItem","position":1,"name":"Home","item":"https:\/\/al-tra.it\/"},{"@type":"ListItem","position":2,"name":"Rohstoffe","item":"https:\/\/al-tra.it\/materie-prime\/"},{"@type":"ListItem","position":3,"name":"Branchen"}]},{"@type":"WebSite","@id":"https:\/\/al-tra.it\/#website","url":"https:\/\/al-tra.it\/","name":"Al-tra","description":"Aluminum Extrusion","potentialAction":[{"@type":"SearchAction","target":{"@type":"EntryPoint","urlTemplate":"https:\/\/al-tra.it\/?s={search_term_string}"},"query-input":"required name=search_term_string"}],"inLanguage":"de"}]}},"_links":{"self":[{"href":"https:\/\/al-tra.it\/de\/wp-json\/wp\/v2\/pages\/1589","targetHints":{"allow":["GET"]}}],"collection":[{"href":"https:\/\/al-tra.it\/de\/wp-json\/wp\/v2\/pages"}],"about":[{"href":"https:\/\/al-tra.it\/de\/wp-json\/wp\/v2\/types\/page"}],"author":[{"embeddable":true,"href":"https:\/\/al-tra.it\/de\/wp-json\/wp\/v2\/users\/1"}],"replies":[{"embeddable":true,"href":"https:\/\/al-tra.it\/de\/wp-json\/wp\/v2\/comments?post=1589"}],"version-history":[{"count":11,"href":"https:\/\/al-tra.it\/de\/wp-json\/wp\/v2\/pages\/1589\/revisions"}],"predecessor-version":[{"id":1918,"href":"https:\/\/al-tra.it\/de\/wp-json\/wp\/v2\/pages\/1589\/revisions\/1918"}],"up":[{"embeddable":true,"href":"https:\/\/al-tra.it\/de\/wp-json\/wp\/v2\/pages\/1581"}],"wp:attachment":[{"href":"https:\/\/al-tra.it\/de\/wp-json\/wp\/v2\/media?parent=1589"}],"curies":[{"name":"wp","href":"https:\/\/api.w.org\/{rel}","templated":true}]}}