{"id":1595,"date":"2017-03-20T10:32:32","date_gmt":"2017-03-20T09:32:32","guid":{"rendered":"http:\/\/al-tra.prmweb.biz\/lavorazioni-post-produzione\/"},"modified":"2020-01-15T12:45:23","modified_gmt":"2020-01-15T11:45:23","slug":"lavorazioni-post-produzione","status":"publish","type":"page","link":"https:\/\/al-tra.it\/de\/lavorazioni-post-produzione\/","title":{"rendered":"Bearbeiten nach dem Strangpressen"},"content":{"rendered":"[vc_row type=&#8220;full_width_content&#8220; full_screen_row_position=&#8220;middle&#8220; equal_height=&#8220;yes&#8220; content_placement=&#8220;middle&#8220; full_height=&#8220;yes&#8220; scene_position=&#8220;center&#8220; text_color=&#8220;dark&#8220; text_align=&#8220;left&#8220; overlay_strength=&#8220;0.3&#8243;][vc_column column_padding=&#8220;padding-5-percent&#8220; column_padding_position=&#8220;all&#8220; background_color_opacity=&#8220;1&#8243; background_hover_color_opacity=&#8220;1&#8243; column_shadow=&#8220;none&#8220; width=&#8220;1\/2&#8243; tablet_text_alignment=&#8220;default&#8220; phone_text_alignment=&#8220;default&#8220; column_border_width=&#8220;none&#8220; column_border_style=&#8220;solid&#8220;]<div class=\"nectar-social  hide-share-count items_4\"><a class='facebook-share nectar-sharing' href='#' title='Share this'> <i class='fa fa-facebook'><\/i> <span class='count'><\/span><\/a><a class='twitter-share nectar-sharing' href='#' title='Tweet this'> <i class='fa fa-twitter'><\/i> <span class='count'><\/span><\/a><a class='google-plus-share nectar-sharing-alt' href='#' title='Share this'> <i class='fa fa-google-plus'><\/i> <span class='count'><\/span><\/a><a class='linkedin-share nectar-sharing' href='#' title='Share this'> <i class='fa fa-linkedin'><\/i> <span class='count'><\/span><\/a><\/div>[vc_custom_heading text=&#8220;<i>Eine Reihe verschiedener Prozesse, die dasselbe Ziel verfolgen<\/i>&#8220; font_container=&#8220;tag:h4|text_align:left|color:%23bfbfbf&#8220; use_theme_fonts=&#8220;yes&#8220;][vc_custom_heading text=&#8220;Bearbeitung nach dem Strangpressen&#8220; font_container=&#8220;tag:h1|text_align:left|color:%23ee7d00&#8243; use_theme_fonts=&#8220;yes&#8220;][vc_column_text]\n<p id=\"tw-target-text\" class=\"tw-data-text tw-text-large tw-ta\" dir=\"ltr\" data-placeholder=\"Traduzione\"><span lang=\"de\">Der Kunde kann zwischen verschiedenen mechanischen Verfahren\u00a0<\/span>und Oberfl\u00e4chen w\u00e4hlen, um die genauesten \u00e4sthetischen und funktionalen Eigenschaften zu erzielen.<\/p>\n<p class=\"tw-data-text tw-text-large tw-ta\" dir=\"ltr\" data-placeholder=\"Traduzione\">Die\u00a0Bearbeitung nach dem Strangpressen\u00a0f\u00fchrt folgende Prozesse durch:<\/p>\n<p class=\"tw-data-text tw-text-large tw-ta\" dir=\"ltr\" data-placeholder=\"Traduzione\">Mechanische Bearbeitung:<\/p>\n<p class=\"tw-data-text tw-text-large tw-ta\" dir=\"ltr\" data-placeholder=\"Traduzione\">Bohren<\/p>\n<p class=\"tw-data-text tw-text-large tw-ta\" dir=\"ltr\" data-placeholder=\"Traduzione\">Fr\u00e4sen<\/p>\n<p class=\"tw-data-text tw-text-large tw-ta\" dir=\"ltr\" data-placeholder=\"Traduzione\">Schneiden<\/p>\n<p class=\"tw-data-text tw-text-large tw-ta\" dir=\"ltr\" data-placeholder=\"Traduzione\">Zuschneiden<\/p>\n<p class=\"tw-data-text tw-text-large tw-ta\" dir=\"ltr\" data-placeholder=\"Traduzione\">Klett- und Sch\u00e4lanwendung<\/p>\n<p class=\"tw-data-text tw-text-large tw-ta\" dir=\"ltr\" data-placeholder=\"Traduzione\">Chemische Oxidation, Elektrofarbe oder Lackierung in verschiedenen RAL-Farben. Die Verpackung des fertigen Produkts erfolgt standardm\u00e4\u00dfig oder gem\u00e4\u00df der Verpackungsvorschriften des Kunden.<\/p>\n<p>\u00a0[\/vc_column_text][\/vc_column][vc_column column_padding=&#8220;no-extra-padding&#8220; column_padding_position=&#8220;all&#8220; background_color_opacity=&#8220;1&#8243; background_hover_color_opacity=&#8220;1&#8243; column_shadow=&#8220;none&#8220; width=&#8220;1\/2&#8243; tablet_text_alignment=&#8220;default&#8220; phone_text_alignment=&#8220;default&#8220; column_border_width=&#8220;none&#8220; column_border_style=&#8220;solid&#8220;][vc_gallery type=&#8220;nectarslider_style&#8220; images=&#8220;1385,1408,1852&#8243; bullet_navigation_style=&#8220;see_through&#8220; onclick=&#8220;link_no&#8220; img_size=&#8220;800&#215;600&#8243;][\/vc_column][\/vc_row][vc_row type=&#8220;full_width_content&#8220; full_screen_row_position=&#8220;middle&#8220; scene_position=&#8220;center&#8220; text_color=&#8220;dark&#8220; text_align=&#8220;left&#8220; disable_element=&#8220;yes&#8220; overlay_strength=&#8220;0.3&#8243;][vc_column column_padding=&#8220;no-extra-padding&#8220; column_padding_position=&#8220;all&#8220; background_color_opacity=&#8220;1&#8243; background_hover_color_opacity=&#8220;1&#8243; column_shadow=&#8220;none&#8220; width=&#8220;1\/2&#8243; tablet_text_alignment=&#8220;default&#8220; phone_text_alignment=&#8220;default&#8220; column_border_width=&#8220;none&#8220; column_border_style=&#8220;solid&#8220;][vc_row_inner column_margin=&#8220;default&#8220; text_align=&#8220;left&#8220;][vc_column_inner column_padding=&#8220;no-extra-padding&#8220; column_padding_position=&#8220;all&#8220; background_color_opacity=&#8220;1&#8243; width=&#8220;1\/2&#8243; column_border_width=&#8220;none&#8220; column_border_style=&#8220;solid&#8220;]<div class=\"img-with-aniamtion-wrap center\" data-max-width=\"100%\"><div class=\"inner\"><a href=\"https:\/\/al-tra.it\/wp-content\/uploads\/2017\/03\/tubi_prova_insieme.jpg\" class=\"pp center\"><img loading=\"lazy\" decoding=\"async\" data-shadow=\"none\" data-shadow-direction=\"middle\" class=\"img-with-animation \" data-delay=\"0\" height=\"1000\" width=\"1000\" data-animation=\"fade-in\" src=\"https:\/\/al-tra.it\/wp-content\/uploads\/2017\/03\/tubi_prova_insieme.jpg\" srcset=\"https:\/\/al-tra.it\/wp-content\/uploads\/2017\/03\/tubi_prova_insieme.jpg 1000w, https:\/\/al-tra.it\/wp-content\/uploads\/2017\/03\/tubi_prova_insieme-150x150.jpg 150w, https:\/\/al-tra.it\/wp-content\/uploads\/2017\/03\/tubi_prova_insieme-300x300.jpg 300w, https:\/\/al-tra.it\/wp-content\/uploads\/2017\/03\/tubi_prova_insieme-768x768.jpg 768w, https:\/\/al-tra.it\/wp-content\/uploads\/2017\/03\/tubi_prova_insieme-100x100.jpg 100w, https:\/\/al-tra.it\/wp-content\/uploads\/2017\/03\/tubi_prova_insieme-500x500.jpg 500w, https:\/\/al-tra.it\/wp-content\/uploads\/2017\/03\/tubi_prova_insieme-350x350.jpg 350w\" alt=\"\" \/><\/a><\/div><\/div><div class=\"img-with-aniamtion-wrap center\" data-max-width=\"100%\"><div class=\"inner\"><img loading=\"lazy\" decoding=\"async\" data-shadow=\"none\" data-shadow-direction=\"middle\" class=\"img-with-animation \" data-delay=\"0\" height=\"800\" width=\"800\" data-animation=\"fade-in\" src=\"https:\/\/al-tra.it\/wp-content\/uploads\/2017\/03\/al-tra-lavorazioni-post-produzione-2.jpg\" srcset=\"https:\/\/al-tra.it\/wp-content\/uploads\/2017\/03\/al-tra-lavorazioni-post-produzione-2.jpg 800w, https:\/\/al-tra.it\/wp-content\/uploads\/2017\/03\/al-tra-lavorazioni-post-produzione-2-150x150.jpg 150w, https:\/\/al-tra.it\/wp-content\/uploads\/2017\/03\/al-tra-lavorazioni-post-produzione-2-300x300.jpg 300w, https:\/\/al-tra.it\/wp-content\/uploads\/2017\/03\/al-tra-lavorazioni-post-produzione-2-768x768.jpg 768w, https:\/\/al-tra.it\/wp-content\/uploads\/2017\/03\/al-tra-lavorazioni-post-produzione-2-100x100.jpg 100w, https:\/\/al-tra.it\/wp-content\/uploads\/2017\/03\/al-tra-lavorazioni-post-produzione-2-500x500.jpg 500w, https:\/\/al-tra.it\/wp-content\/uploads\/2017\/03\/al-tra-lavorazioni-post-produzione-2-350x350.jpg 350w\" alt=\"\" \/><\/div><\/div>[\/vc_column_inner][vc_column_inner column_padding=&#8220;no-extra-padding&#8220; column_padding_position=&#8220;all&#8220; background_color_opacity=&#8220;1&#8243; width=&#8220;1\/2&#8243; column_border_width=&#8220;none&#8220; column_border_style=&#8220;solid&#8220;]<div class=\"img-with-aniamtion-wrap center\" data-max-width=\"100%\"><div class=\"inner\"><img loading=\"lazy\" decoding=\"async\" data-shadow=\"none\" data-shadow-direction=\"middle\" class=\"img-with-animation \" data-delay=\"0\" height=\"800\" width=\"800\" data-animation=\"fade-in\" src=\"https:\/\/al-tra.it\/wp-content\/uploads\/2017\/03\/al-tra-lavorazioni-post-produzione-3.jpg\" srcset=\"https:\/\/al-tra.it\/wp-content\/uploads\/2017\/03\/al-tra-lavorazioni-post-produzione-3.jpg 800w, https:\/\/al-tra.it\/wp-content\/uploads\/2017\/03\/al-tra-lavorazioni-post-produzione-3-150x150.jpg 150w, https:\/\/al-tra.it\/wp-content\/uploads\/2017\/03\/al-tra-lavorazioni-post-produzione-3-300x300.jpg 300w, https:\/\/al-tra.it\/wp-content\/uploads\/2017\/03\/al-tra-lavorazioni-post-produzione-3-768x768.jpg 768w, https:\/\/al-tra.it\/wp-content\/uploads\/2017\/03\/al-tra-lavorazioni-post-produzione-3-100x100.jpg 100w, https:\/\/al-tra.it\/wp-content\/uploads\/2017\/03\/al-tra-lavorazioni-post-produzione-3-500x500.jpg 500w, https:\/\/al-tra.it\/wp-content\/uploads\/2017\/03\/al-tra-lavorazioni-post-produzione-3-350x350.jpg 350w\" alt=\"\" \/><\/div><\/div><div class=\"img-with-aniamtion-wrap center\" data-max-width=\"100%\"><div class=\"inner\"><img loading=\"lazy\" decoding=\"async\" data-shadow=\"none\" data-shadow-direction=\"middle\" class=\"img-with-animation \" data-delay=\"0\" height=\"800\" width=\"800\" data-animation=\"fade-in\" src=\"https:\/\/al-tra.it\/wp-content\/uploads\/2017\/03\/al-tra-lavorazioni-post-produzione-4.jpg\" srcset=\"https:\/\/al-tra.it\/wp-content\/uploads\/2017\/03\/al-tra-lavorazioni-post-produzione-4.jpg 800w, https:\/\/al-tra.it\/wp-content\/uploads\/2017\/03\/al-tra-lavorazioni-post-produzione-4-150x150.jpg 150w, https:\/\/al-tra.it\/wp-content\/uploads\/2017\/03\/al-tra-lavorazioni-post-produzione-4-300x300.jpg 300w, https:\/\/al-tra.it\/wp-content\/uploads\/2017\/03\/al-tra-lavorazioni-post-produzione-4-768x768.jpg 768w, https:\/\/al-tra.it\/wp-content\/uploads\/2017\/03\/al-tra-lavorazioni-post-produzione-4-100x100.jpg 100w, https:\/\/al-tra.it\/wp-content\/uploads\/2017\/03\/al-tra-lavorazioni-post-produzione-4-500x500.jpg 500w, https:\/\/al-tra.it\/wp-content\/uploads\/2017\/03\/al-tra-lavorazioni-post-produzione-4-350x350.jpg 350w\" alt=\"\" \/><\/div><\/div>[\/vc_column_inner][\/vc_row_inner][\/vc_column][vc_column column_padding=&#8220;no-extra-padding&#8220; column_padding_position=&#8220;all&#8220; background_color_opacity=&#8220;1&#8243; background_hover_color_opacity=&#8220;1&#8243; column_shadow=&#8220;none&#8220; width=&#8220;1\/2&#8243; tablet_text_alignment=&#8220;default&#8220; phone_text_alignment=&#8220;default&#8220; column_border_width=&#8220;none&#8220; column_border_style=&#8220;solid&#8220;][\/vc_column][\/vc_row]\n","protected":false},"excerpt":{"rendered":"<p>[vc_row type=&#8220;full_width_content&#8220; full_screen_row_position=&#8220;middle&#8220; equal_height=&#8220;yes&#8220; content_placement=&#8220;middle&#8220; full_height=&#8220;yes&#8220; scene_position=&#8220;center&#8220; text_color=&#8220;dark&#8220; text_align=&#8220;left&#8220; overlay_strength=&#8220;0.3&#8243;][vc_column column_padding=&#8220;padding-5-percent&#8220; column_padding_position=&#8220;all&#8220; background_color_opacity=&#8220;1&#8243; background_hover_color_opacity=&#8220;1&#8243; column_shadow=&#8220;none&#8220; width=&#8220;1\/2&#8243; tablet_text_alignment=&#8220;default&#8220; phone_text_alignment=&#8220;default&#8220; column_border_width=&#8220;none&#8220; column_border_style=&#8220;solid&#8220;][vc_custom_heading&#8230;<\/p>\n","protected":false},"author":1,"featured_media":0,"parent":0,"menu_order":0,"comment_status":"closed","ping_status":"closed","template":"","meta":{"footnotes":""},"class_list":["post-1595","page","type-page","status-publish","hentry"],"yoast_head":"<!-- This site is optimized with the Yoast SEO plugin v21.3 - https:\/\/yoast.com\/wordpress\/plugins\/seo\/ -->\n<title>Lavorazioni post produzione alluminio, elettrocolore, ossidazione chimica - AL-TRA<\/title>\n<meta name=\"description\" content=\"Le specifiche delle lavorazioni post produzione alluminio, elettro colore, ossidazione chimica, verniciatura colori RAL, foratura, fresatura, etc.\" \/>\n<meta name=\"robots\" content=\"index, follow, max-snippet:-1, max-image-preview:large, max-video-preview:-1\" \/>\n<link rel=\"canonical\" href=\"https:\/\/al-tra.it\/lavorazioni-post-produzione\/\" \/>\n<meta property=\"og:locale\" content=\"de_DE\" \/>\n<meta property=\"og:type\" content=\"article\" \/>\n<meta property=\"og:title\" content=\"Lavorazioni post produzione alluminio, elettrocolore, ossidazione chimica - AL-TRA\" \/>\n<meta property=\"og:description\" content=\"Le specifiche delle lavorazioni post produzione alluminio, elettro colore, ossidazione chimica, verniciatura colori RAL, foratura, fresatura, etc.\" \/>\n<meta property=\"og:url\" content=\"https:\/\/al-tra.it\/lavorazioni-post-produzione\/\" \/>\n<meta property=\"og:site_name\" content=\"Al-tra\" \/>\n<meta property=\"article:publisher\" content=\"https:\/\/www.facebook.com\/Al-tra-1451183258278938\/\" \/>\n<meta property=\"article:modified_time\" content=\"2020-01-15T11:45:23+00:00\" \/>\n<meta name=\"twitter:card\" content=\"summary_large_image\" \/>\n<meta name=\"twitter:label1\" content=\"Gesch\u00e4tzte Lesezeit\" \/>\n\t<meta name=\"twitter:data1\" content=\"2\u00a0Minuten\" \/>\n<script type=\"application\/ld+json\" class=\"yoast-schema-graph\">{\"@context\":\"https:\/\/schema.org\",\"@graph\":[{\"@type\":\"WebPage\",\"@id\":\"https:\/\/al-tra.it\/lavorazioni-post-produzione\/\",\"url\":\"https:\/\/al-tra.it\/lavorazioni-post-produzione\/\",\"name\":\"Lavorazioni post produzione alluminio, elettrocolore, ossidazione chimica - AL-TRA\",\"isPartOf\":{\"@id\":\"https:\/\/al-tra.it\/#website\"},\"datePublished\":\"2017-03-20T09:32:32+00:00\",\"dateModified\":\"2020-01-15T11:45:23+00:00\",\"description\":\"Le specifiche delle lavorazioni post produzione alluminio, elettro colore, ossidazione chimica, verniciatura colori RAL, foratura, fresatura, etc.\",\"breadcrumb\":{\"@id\":\"https:\/\/al-tra.it\/lavorazioni-post-produzione\/#breadcrumb\"},\"inLanguage\":\"de\",\"potentialAction\":[{\"@type\":\"ReadAction\",\"target\":[\"https:\/\/al-tra.it\/lavorazioni-post-produzione\/\"]}]},{\"@type\":\"BreadcrumbList\",\"@id\":\"https:\/\/al-tra.it\/lavorazioni-post-produzione\/#breadcrumb\",\"itemListElement\":[{\"@type\":\"ListItem\",\"position\":1,\"name\":\"Home\",\"item\":\"https:\/\/al-tra.it\/\"},{\"@type\":\"ListItem\",\"position\":2,\"name\":\"Bearbeiten nach dem Strangpressen\"}]},{\"@type\":\"WebSite\",\"@id\":\"https:\/\/al-tra.it\/#website\",\"url\":\"https:\/\/al-tra.it\/\",\"name\":\"Al-tra\",\"description\":\"Aluminum Extrusion\",\"potentialAction\":[{\"@type\":\"SearchAction\",\"target\":{\"@type\":\"EntryPoint\",\"urlTemplate\":\"https:\/\/al-tra.it\/?s={search_term_string}\"},\"query-input\":\"required name=search_term_string\"}],\"inLanguage\":\"de\"}]}<\/script>\n<!-- \/ Yoast SEO plugin. -->","yoast_head_json":{"title":"Lavorazioni post produzione alluminio, elettrocolore, ossidazione chimica - AL-TRA","description":"Le specifiche delle lavorazioni post produzione alluminio, elettro colore, ossidazione chimica, verniciatura colori RAL, foratura, fresatura, etc.","robots":{"index":"index","follow":"follow","max-snippet":"max-snippet:-1","max-image-preview":"max-image-preview:large","max-video-preview":"max-video-preview:-1"},"canonical":"https:\/\/al-tra.it\/lavorazioni-post-produzione\/","og_locale":"de_DE","og_type":"article","og_title":"Lavorazioni post produzione alluminio, elettrocolore, ossidazione chimica - AL-TRA","og_description":"Le specifiche delle lavorazioni post produzione alluminio, elettro colore, ossidazione chimica, verniciatura colori RAL, foratura, fresatura, etc.","og_url":"https:\/\/al-tra.it\/lavorazioni-post-produzione\/","og_site_name":"Al-tra","article_publisher":"https:\/\/www.facebook.com\/Al-tra-1451183258278938\/","article_modified_time":"2020-01-15T11:45:23+00:00","twitter_card":"summary_large_image","twitter_misc":{"Gesch\u00e4tzte Lesezeit":"2\u00a0Minuten"},"schema":{"@context":"https:\/\/schema.org","@graph":[{"@type":"WebPage","@id":"https:\/\/al-tra.it\/lavorazioni-post-produzione\/","url":"https:\/\/al-tra.it\/lavorazioni-post-produzione\/","name":"Lavorazioni post produzione alluminio, elettrocolore, ossidazione chimica - AL-TRA","isPartOf":{"@id":"https:\/\/al-tra.it\/#website"},"datePublished":"2017-03-20T09:32:32+00:00","dateModified":"2020-01-15T11:45:23+00:00","description":"Le specifiche delle lavorazioni post produzione alluminio, elettro colore, ossidazione chimica, verniciatura colori RAL, foratura, fresatura, etc.","breadcrumb":{"@id":"https:\/\/al-tra.it\/lavorazioni-post-produzione\/#breadcrumb"},"inLanguage":"de","potentialAction":[{"@type":"ReadAction","target":["https:\/\/al-tra.it\/lavorazioni-post-produzione\/"]}]},{"@type":"BreadcrumbList","@id":"https:\/\/al-tra.it\/lavorazioni-post-produzione\/#breadcrumb","itemListElement":[{"@type":"ListItem","position":1,"name":"Home","item":"https:\/\/al-tra.it\/"},{"@type":"ListItem","position":2,"name":"Bearbeiten nach dem Strangpressen"}]},{"@type":"WebSite","@id":"https:\/\/al-tra.it\/#website","url":"https:\/\/al-tra.it\/","name":"Al-tra","description":"Aluminum Extrusion","potentialAction":[{"@type":"SearchAction","target":{"@type":"EntryPoint","urlTemplate":"https:\/\/al-tra.it\/?s={search_term_string}"},"query-input":"required name=search_term_string"}],"inLanguage":"de"}]}},"_links":{"self":[{"href":"https:\/\/al-tra.it\/de\/wp-json\/wp\/v2\/pages\/1595","targetHints":{"allow":["GET"]}}],"collection":[{"href":"https:\/\/al-tra.it\/de\/wp-json\/wp\/v2\/pages"}],"about":[{"href":"https:\/\/al-tra.it\/de\/wp-json\/wp\/v2\/types\/page"}],"author":[{"embeddable":true,"href":"https:\/\/al-tra.it\/de\/wp-json\/wp\/v2\/users\/1"}],"replies":[{"embeddable":true,"href":"https:\/\/al-tra.it\/de\/wp-json\/wp\/v2\/comments?post=1595"}],"version-history":[{"count":9,"href":"https:\/\/al-tra.it\/de\/wp-json\/wp\/v2\/pages\/1595\/revisions"}],"predecessor-version":[{"id":1912,"href":"https:\/\/al-tra.it\/de\/wp-json\/wp\/v2\/pages\/1595\/revisions\/1912"}],"wp:attachment":[{"href":"https:\/\/al-tra.it\/de\/wp-json\/wp\/v2\/media?parent=1595"}],"curies":[{"name":"wp","href":"https:\/\/api.w.org\/{rel}","templated":true}]}}